{"id":876,"date":"2026-01-13T11:05:35","date_gmt":"2026-01-13T10:05:35","guid":{"rendered":"https:\/\/www.sfsgroupaustria.at\/?page_id=876"},"modified":"2026-03-10T15:37:15","modified_gmt":"2026-03-10T14:37:15","slug":"weitere-branchen","status":"publish","type":"page","link":"https:\/\/www.sfsgroupaustria.at\/index.php\/weitere-branchen\/","title":{"rendered":"Weitere Branchen"},"content":{"rendered":"\t\t<div data-elementor-type=\"wp-page\" data-elementor-id=\"876\" class=\"elementor elementor-876\">\n\t\t\t\t\t\t<section class=\"elementor-section elementor-top-section elementor-element elementor-element-6567f3e1 ct-section-stretched elementor-section-boxed elementor-section-height-default elementor-section-height-default\" data-id=\"6567f3e1\" data-element_type=\"section\" data-e-type=\"section\" data-settings=\"{&quot;background_background&quot;:&quot;classic&quot;}\">\n\t\t\t\t\t\t\t<div class=\"elementor-background-overlay\"><\/div>\n\t\t\t\t\t\t\t<div class=\"elementor-container elementor-column-gap-default\">\n\t\t\t\t\t<div class=\"elementor-column elementor-col-100 elementor-top-column elementor-element elementor-element-15139824\" data-id=\"15139824\" data-element_type=\"column\" data-e-type=\"column\">\n\t\t\t<div class=\"elementor-widget-wrap\">\n\t\t\t\t\t\t\t<\/div>\n\t\t<\/div>\n\t\t\t\t\t<\/div>\n\t\t<\/section>\n\t\t<div class=\"elementor-element elementor-element-bac8b66 e-flex e-con-boxed e-con e-parent\" data-id=\"bac8b66\" data-element_type=\"container\" data-e-type=\"container\">\n\t\t\t\t\t<div class=\"e-con-inner\">\n\t\t\t\t<div class=\"elementor-element elementor-element-951dc62 elementor-widget elementor-widget-heading\" data-id=\"951dc62\" data-element_type=\"widget\" data-e-type=\"widget\" data-widget_type=\"heading.default\">\n\t\t\t\t\t<h2 class=\"elementor-heading-title elementor-size-default\">Weitere Branchen<\/h2>\t\t\t\t<\/div>\n\t\t\t\t\t<\/div>\n\t\t\t\t<\/div>\n\t\t<div class=\"elementor-element elementor-element-3e7ae31 e-flex e-con-boxed e-con e-parent\" data-id=\"3e7ae31\" data-element_type=\"container\" data-e-type=\"container\">\n\t\t\t\t\t<div class=\"e-con-inner\">\n\t\t\t\t<div class=\"elementor-element elementor-element-dba4ba9 elementor-widget elementor-widget-text-editor\" data-id=\"dba4ba9\" data-element_type=\"widget\" data-e-type=\"widget\" data-widget_type=\"text-editor.default\">\n\t\t\t\t\t\t\t\t\t<p>Gerade Nischenanwendung erfordern h\u00f6chste Pr\u00e4zision und Qualit\u00e4t. Basierend auf unserer jahrzehntelangen Erfahrung unterst\u00fctzen wir die Kunden bei der Umsetzung Ihres Projekts.<\/p>\t\t\t\t\t\t\t\t<\/div>\n\t\t\t\t\t<\/div>\n\t\t\t\t<\/div>\n\t\t<div class=\"elementor-element elementor-element-b726b7e e-flex e-con-boxed e-con e-parent\" data-id=\"b726b7e\" data-element_type=\"container\" data-e-type=\"container\">\n\t\t\t\t\t<div class=\"e-con-inner\">\n\t\t<div class=\"elementor-element elementor-element-3253691 e-con-full e-flex e-con e-child\" data-id=\"3253691\" data-element_type=\"container\" data-e-type=\"container\">\n\t\t\t\t<div class=\"elementor-element elementor-element-78757ad elementor-widget elementor-widget-image\" data-id=\"78757ad\" data-element_type=\"widget\" data-e-type=\"widget\" data-widget_type=\"image.default\">\n\t\t\t\t\t\t\t\t\t\t\t\t\t\t\t<img fetchpriority=\"high\" decoding=\"async\" width=\"1024\" height=\"683\" src=\"https:\/\/www.sfsgroupaustria.at\/wp-content\/uploads\/2026\/03\/A742829-Bearbeitet-1024x683.jpg\" class=\"attachment-large size-large wp-image-1831\" alt=\"\" srcset=\"https:\/\/www.sfsgroupaustria.at\/wp-content\/uploads\/2026\/03\/A742829-Bearbeitet-1024x683.jpg 1024w, https:\/\/www.sfsgroupaustria.at\/wp-content\/uploads\/2026\/03\/A742829-Bearbeitet-300x200.jpg 300w, https:\/\/www.sfsgroupaustria.at\/wp-content\/uploads\/2026\/03\/A742829-Bearbeitet-768x512.jpg 768w, https:\/\/www.sfsgroupaustria.at\/wp-content\/uploads\/2026\/03\/A742829-Bearbeitet-1536x1024.jpg 1536w, https:\/\/www.sfsgroupaustria.at\/wp-content\/uploads\/2026\/03\/A742829-Bearbeitet-2048x1365.jpg 2048w\" sizes=\"(max-width: 1024px) 100vw, 1024px\" \/>\t\t\t\t\t\t\t\t\t\t\t\t\t\t\t<\/div>\n\t\t\t\t<\/div>\n\t\t<div class=\"elementor-element elementor-element-6521d68 e-con-full e-flex e-con e-child\" data-id=\"6521d68\" data-element_type=\"container\" data-e-type=\"container\">\n\t\t\t\t<div class=\"elementor-element elementor-element-23bb9b3 elementor-widget elementor-widget-image\" data-id=\"23bb9b3\" data-element_type=\"widget\" data-e-type=\"widget\" data-widget_type=\"image.default\">\n\t\t\t\t\t\t\t\t\t\t\t\t\t\t\t<img decoding=\"async\" width=\"1024\" height=\"683\" src=\"https:\/\/www.sfsgroupaustria.at\/wp-content\/uploads\/2026\/03\/A742805-1024x683.jpg\" class=\"attachment-large size-large wp-image-1832\" alt=\"\" srcset=\"https:\/\/www.sfsgroupaustria.at\/wp-content\/uploads\/2026\/03\/A742805-1024x683.jpg 1024w, https:\/\/www.sfsgroupaustria.at\/wp-content\/uploads\/2026\/03\/A742805-300x200.jpg 300w, https:\/\/www.sfsgroupaustria.at\/wp-content\/uploads\/2026\/03\/A742805-768x512.jpg 768w, https:\/\/www.sfsgroupaustria.at\/wp-content\/uploads\/2026\/03\/A742805-1536x1024.jpg 1536w, https:\/\/www.sfsgroupaustria.at\/wp-content\/uploads\/2026\/03\/A742805-2048x1365.jpg 2048w\" sizes=\"(max-width: 1024px) 100vw, 1024px\" \/>\t\t\t\t\t\t\t\t\t\t\t\t\t\t\t<\/div>\n\t\t\t\t<\/div>\n\t\t\t\t\t<\/div>\n\t\t\t\t<\/div>\n\t\t<div class=\"elementor-element elementor-element-83444fb e-flex e-con-boxed e-con e-parent\" data-id=\"83444fb\" data-element_type=\"container\" data-e-type=\"container\">\n\t\t\t\t\t<div class=\"e-con-inner\">\n\t\t<div class=\"elementor-element elementor-element-ae0e277 e-con-full e-flex e-con e-child\" data-id=\"ae0e277\" data-element_type=\"container\" data-e-type=\"container\">\n\t\t\t\t<div class=\"elementor-element elementor-element-01c9599 elementor-widget elementor-widget-image\" data-id=\"01c9599\" data-element_type=\"widget\" data-e-type=\"widget\" data-widget_type=\"image.default\">\n\t\t\t\t\t\t\t\t\t\t\t\t\t\t\t<img decoding=\"async\" width=\"1024\" height=\"683\" src=\"https:\/\/www.sfsgroupaustria.at\/wp-content\/uploads\/2026\/03\/A742788-1024x683.jpg\" class=\"attachment-large size-large wp-image-1839\" alt=\"\" srcset=\"https:\/\/www.sfsgroupaustria.at\/wp-content\/uploads\/2026\/03\/A742788-1024x683.jpg 1024w, https:\/\/www.sfsgroupaustria.at\/wp-content\/uploads\/2026\/03\/A742788-300x200.jpg 300w, https:\/\/www.sfsgroupaustria.at\/wp-content\/uploads\/2026\/03\/A742788-768x512.jpg 768w, https:\/\/www.sfsgroupaustria.at\/wp-content\/uploads\/2026\/03\/A742788-1536x1024.jpg 1536w, https:\/\/www.sfsgroupaustria.at\/wp-content\/uploads\/2026\/03\/A742788-2048x1365.jpg 2048w\" sizes=\"(max-width: 1024px) 100vw, 1024px\" \/>\t\t\t\t\t\t\t\t\t\t\t\t\t\t\t<\/div>\n\t\t\t\t<\/div>\n\t\t<div class=\"elementor-element elementor-element-97d730c e-con-full e-flex e-con e-child\" data-id=\"97d730c\" data-element_type=\"container\" data-e-type=\"container\">\n\t\t\t\t<div class=\"elementor-element elementor-element-a8931c9 elementor-widget elementor-widget-image\" data-id=\"a8931c9\" data-element_type=\"widget\" data-e-type=\"widget\" data-widget_type=\"image.default\">\n\t\t\t\t\t\t\t\t\t\t\t\t\t\t\t<img loading=\"lazy\" decoding=\"async\" width=\"1024\" height=\"683\" src=\"https:\/\/www.sfsgroupaustria.at\/wp-content\/uploads\/2026\/03\/A742895-1024x683.jpg\" class=\"attachment-large size-large wp-image-1884\" alt=\"\" srcset=\"https:\/\/www.sfsgroupaustria.at\/wp-content\/uploads\/2026\/03\/A742895-1024x683.jpg 1024w, https:\/\/www.sfsgroupaustria.at\/wp-content\/uploads\/2026\/03\/A742895-300x200.jpg 300w, https:\/\/www.sfsgroupaustria.at\/wp-content\/uploads\/2026\/03\/A742895-768x512.jpg 768w, https:\/\/www.sfsgroupaustria.at\/wp-content\/uploads\/2026\/03\/A742895-1536x1024.jpg 1536w, https:\/\/www.sfsgroupaustria.at\/wp-content\/uploads\/2026\/03\/A742895-2048x1365.jpg 2048w\" sizes=\"(max-width: 1024px) 100vw, 1024px\" \/>\t\t\t\t\t\t\t\t\t\t\t\t\t\t\t<\/div>\n\t\t\t\t<\/div>\n\t\t\t\t\t<\/div>\n\t\t\t\t<\/div>\n\t\t\t\t<\/div>\n\t\t","protected":false},"excerpt":{"rendered":"<p>Weitere Branchen Gerade Nischenanwendung erfordern h\u00f6chste Pr\u00e4zision und Qualit\u00e4t. Basierend auf unserer jahrzehntelangen Erfahrung unterst\u00fctzen wir die Kunden bei der Umsetzung Ihres Projekts.<\/p>\n","protected":false},"author":2,"featured_media":0,"parent":0,"menu_order":0,"comment_status":"closed","ping_status":"closed","template":"","meta":{"footnotes":""},"class_list":["post-876","page","type-page","status-publish","hentry"],"blocksy_meta":[],"_links":{"self":[{"href":"https:\/\/www.sfsgroupaustria.at\/index.php\/wp-json\/wp\/v2\/pages\/876","targetHints":{"allow":["GET"]}}],"collection":[{"href":"https:\/\/www.sfsgroupaustria.at\/index.php\/wp-json\/wp\/v2\/pages"}],"about":[{"href":"https:\/\/www.sfsgroupaustria.at\/index.php\/wp-json\/wp\/v2\/types\/page"}],"author":[{"embeddable":true,"href":"https:\/\/www.sfsgroupaustria.at\/index.php\/wp-json\/wp\/v2\/users\/2"}],"replies":[{"embeddable":true,"href":"https:\/\/www.sfsgroupaustria.at\/index.php\/wp-json\/wp\/v2\/comments?post=876"}],"version-history":[{"count":31,"href":"https:\/\/www.sfsgroupaustria.at\/index.php\/wp-json\/wp\/v2\/pages\/876\/revisions"}],"predecessor-version":[{"id":1917,"href":"https:\/\/www.sfsgroupaustria.at\/index.php\/wp-json\/wp\/v2\/pages\/876\/revisions\/1917"}],"wp:attachment":[{"href":"https:\/\/www.sfsgroupaustria.at\/index.php\/wp-json\/wp\/v2\/media?parent=876"}],"curies":[{"name":"wp","href":"https:\/\/api.w.org\/{rel}","templated":true}]}}