{"id":856,"date":"2026-01-13T10:48:31","date_gmt":"2026-01-13T09:48:31","guid":{"rendered":"https:\/\/www.sfsgroupaustria.at\/?page_id=856"},"modified":"2026-03-10T16:12:53","modified_gmt":"2026-03-10T15:12:53","slug":"stellenangebot","status":"publish","type":"page","link":"https:\/\/www.sfsgroupaustria.at\/index.php\/stellenangebot\/","title":{"rendered":"Stellenangebote"},"content":{"rendered":"\t\t<div data-elementor-type=\"wp-page\" data-elementor-id=\"856\" class=\"elementor elementor-856\">\n\t\t\t\t\t\t<section class=\"elementor-section elementor-top-section elementor-element elementor-element-2fb2fe85 ct-section-stretched elementor-section-boxed elementor-section-height-default elementor-section-height-default\" data-id=\"2fb2fe85\" data-element_type=\"section\" data-e-type=\"section\" data-settings=\"{&quot;background_background&quot;:&quot;classic&quot;}\">\n\t\t\t\t\t\t\t<div class=\"elementor-background-overlay\"><\/div>\n\t\t\t\t\t\t\t<div class=\"elementor-container elementor-column-gap-default\">\n\t\t\t\t\t<div class=\"elementor-column elementor-col-100 elementor-top-column elementor-element elementor-element-b51b35\" data-id=\"b51b35\" data-element_type=\"column\" data-e-type=\"column\">\n\t\t\t<div class=\"elementor-widget-wrap\">\n\t\t\t\t\t\t\t<\/div>\n\t\t<\/div>\n\t\t\t\t\t<\/div>\n\t\t<\/section>\n\t\t<div class=\"elementor-element elementor-element-d25af6d e-flex e-con-boxed e-con e-parent\" data-id=\"d25af6d\" data-element_type=\"container\" data-e-type=\"container\">\n\t\t\t\t\t<div class=\"e-con-inner\">\n\t\t\t\t<div class=\"elementor-element elementor-element-57fbd44 elementor-widget elementor-widget-heading\" data-id=\"57fbd44\" data-element_type=\"widget\" data-e-type=\"widget\" data-widget_type=\"heading.default\">\n\t\t\t\t\t<h2 class=\"elementor-heading-title elementor-size-default\">Stellenangebote<\/h2>\t\t\t\t<\/div>\n\t\t\t\t\t<\/div>\n\t\t\t\t<\/div>\n\t\t<div class=\"elementor-element elementor-element-bc29e41 e-flex e-con-boxed e-con e-parent\" data-id=\"bc29e41\" data-element_type=\"container\" data-e-type=\"container\">\n\t\t\t\t\t<div class=\"e-con-inner\">\n\t\t\t\t<div class=\"elementor-element elementor-element-7621e21 elementor-widget elementor-widget-heading\" data-id=\"7621e21\" data-element_type=\"widget\" data-e-type=\"widget\" data-widget_type=\"heading.default\">\n\t\t\t\t\t<h4 class=\"elementor-heading-title elementor-size-default\">Finde Deinen passenden Job<\/h4>\t\t\t\t<\/div>\n\t\t\t\t\t<\/div>\n\t\t\t\t<\/div>\n\t\t<div class=\"elementor-element elementor-element-6dba97d e-flex e-con-boxed e-con e-parent\" data-id=\"6dba97d\" data-element_type=\"container\" data-e-type=\"container\">\n\t\t\t\t\t<div class=\"e-con-inner\">\n\t\t\t\t<div class=\"elementor-element elementor-element-09610ce elementor-widget elementor-widget-text-editor\" data-id=\"09610ce\" data-element_type=\"widget\" data-e-type=\"widget\" data-widget_type=\"text-editor.default\">\n\t\t\t\t\t\t\t\t\t<p data-start=\"209\" data-end=\"365\">Du m\u00f6chtest Teil unseres Unternehmens werden, auch wenn aktuell keine passende Stelle ausgeschrieben ist? Dann freuen wir uns \u00fcber deine Initiativbewerbung.<\/p>\n<p data-start=\"209\" data-end=\"365\">Wir sind stets auf der Suche nach engagierten, motivierten Pers\u00f6nlichkeiten, die mit ihren F\u00e4higkeiten, Ideen und ihrem Einsatz unser Team bereichern m\u00f6chten. Egal ob Berufseinsteiger:in, erfahrene Fachkraft oder Quereinsteiger:in \u2013 wenn du glaubst, dass du fachlich und menschlich zu uns passt, m\u00f6chten wir dich gerne kennenlernen.<\/p>\n<p data-start=\"701\" data-end=\"955\">Sende uns einfach deine aussagekr\u00e4ftigen Bewerbungsunterlagen mit Angaben zu deinem gew\u00fcnschten Einsatzbereich und deinem fr\u00fchestm\u00f6glichen Eintrittstermin. Wir pr\u00fcfen jede Bewerbung sorgf\u00e4ltig und melden uns, sobald sich eine passende M\u00f6glichkeit ergibt.<\/p>\n<p data-start=\"957\" data-end=\"992\">Wir freuen uns auf deine Bewerbung!<\/p>\t\t\t\t\t\t\t\t<\/div>\n\t\t\t\t\t<\/div>\n\t\t\t\t<\/div>\n\t\t<div class=\"elementor-element elementor-element-7802c3c e-flex e-con-boxed e-con e-parent\" data-id=\"7802c3c\" data-element_type=\"container\" data-e-type=\"container\">\n\t\t\t\t\t<div class=\"e-con-inner\">\n\t\t\t\t<div class=\"elementor-element elementor-element-bfc2019 elementor-align-center elementor-widget elementor-widget-button\" data-id=\"bfc2019\" data-element_type=\"widget\" data-e-type=\"widget\" data-widget_type=\"button.default\">\n\t\t\t\t\t\t\t\t\t\t<a class=\"elementor-button elementor-button-link elementor-size-sm\" href=\"mailto:at.info@sfs.com\">\n\t\t\t\t\t\t<span class=\"elementor-button-content-wrapper\">\n\t\t\t\t\t\t\t\t\t<span class=\"elementor-button-text\">Bewerben!<\/span>\n\t\t\t\t\t<\/span>\n\t\t\t\t\t<\/a>\n\t\t\t\t\t\t\t\t<\/div>\n\t\t\t\t\t<\/div>\n\t\t\t\t<\/div>\n\t\t\t\t<\/div>\n\t\t","protected":false},"excerpt":{"rendered":"<p>Stellenangebote Finde Deinen passenden Job Du m\u00f6chtest Teil unseres Unternehmens werden, auch wenn aktuell keine passende Stelle ausgeschrieben ist? Dann freuen wir uns \u00fcber deine Initiativbewerbung. Wir sind stets auf der Suche nach engagierten, motivierten Pers\u00f6nlichkeiten, die mit ihren F\u00e4higkeiten, Ideen und ihrem Einsatz unser Team bereichern m\u00f6chten. Egal ob Berufseinsteiger:in, erfahrene Fachkraft oder Quereinsteiger:in [&hellip;]<\/p>\n","protected":false},"author":2,"featured_media":0,"parent":0,"menu_order":0,"comment_status":"closed","ping_status":"closed","template":"","meta":{"footnotes":""},"class_list":["post-856","page","type-page","status-publish","hentry"],"blocksy_meta":[],"_links":{"self":[{"href":"https:\/\/www.sfsgroupaustria.at\/index.php\/wp-json\/wp\/v2\/pages\/856","targetHints":{"allow":["GET"]}}],"collection":[{"href":"https:\/\/www.sfsgroupaustria.at\/index.php\/wp-json\/wp\/v2\/pages"}],"about":[{"href":"https:\/\/www.sfsgroupaustria.at\/index.php\/wp-json\/wp\/v2\/types\/page"}],"author":[{"embeddable":true,"href":"https:\/\/www.sfsgroupaustria.at\/index.php\/wp-json\/wp\/v2\/users\/2"}],"replies":[{"embeddable":true,"href":"https:\/\/www.sfsgroupaustria.at\/index.php\/wp-json\/wp\/v2\/comments?post=856"}],"version-history":[{"count":17,"href":"https:\/\/www.sfsgroupaustria.at\/index.php\/wp-json\/wp\/v2\/pages\/856\/revisions"}],"predecessor-version":[{"id":1967,"href":"https:\/\/www.sfsgroupaustria.at\/index.php\/wp-json\/wp\/v2\/pages\/856\/revisions\/1967"}],"wp:attachment":[{"href":"https:\/\/www.sfsgroupaustria.at\/index.php\/wp-json\/wp\/v2\/media?parent=856"}],"curies":[{"name":"wp","href":"https:\/\/api.w.org\/{rel}","templated":true}]}}