{"id":1367,"date":"2026-02-24T14:57:01","date_gmt":"2026-02-24T13:57:01","guid":{"rendered":"https:\/\/www.sfsgroupaustria.at\/?page_id=1367"},"modified":"2026-03-10T15:53:44","modified_gmt":"2026-03-10T14:53:44","slug":"folge-operationen","status":"publish","type":"page","link":"https:\/\/www.sfsgroupaustria.at\/index.php\/folge-operationen\/","title":{"rendered":"Folge Operationen"},"content":{"rendered":"\t\t<div data-elementor-type=\"wp-page\" data-elementor-id=\"1367\" class=\"elementor elementor-1367\">\n\t\t\t\t\t\t<section class=\"elementor-section elementor-top-section elementor-element elementor-element-232a80ee ct-section-stretched elementor-section-boxed elementor-section-height-default elementor-section-height-default\" data-id=\"232a80ee\" data-element_type=\"section\" data-e-type=\"section\" data-settings=\"{&quot;background_background&quot;:&quot;classic&quot;}\">\n\t\t\t\t\t\t\t<div class=\"elementor-background-overlay\"><\/div>\n\t\t\t\t\t\t\t<div class=\"elementor-container elementor-column-gap-default\">\n\t\t\t\t\t<div class=\"elementor-column elementor-col-100 elementor-top-column elementor-element elementor-element-49a0dab9\" data-id=\"49a0dab9\" data-element_type=\"column\" data-e-type=\"column\">\n\t\t\t<div class=\"elementor-widget-wrap\">\n\t\t\t\t\t\t\t<\/div>\n\t\t<\/div>\n\t\t\t\t\t<\/div>\n\t\t<\/section>\n\t\t<div class=\"elementor-element elementor-element-8f8f1a6 e-flex e-con-boxed e-con e-parent\" data-id=\"8f8f1a6\" data-element_type=\"container\" data-e-type=\"container\">\n\t\t\t\t\t<div class=\"e-con-inner\">\n\t\t\t\t<div class=\"elementor-element elementor-element-613dc6c elementor-widget elementor-widget-heading\" data-id=\"613dc6c\" data-element_type=\"widget\" data-e-type=\"widget\" data-widget_type=\"heading.default\">\n\t\t\t\t\t<h3 class=\"elementor-heading-title elementor-size-default\">Folge Operationen<\/h3>\t\t\t\t<\/div>\n\t\t\t\t\t<\/div>\n\t\t\t\t<\/div>\n\t\t<div class=\"elementor-element elementor-element-0443297 e-flex e-con-boxed e-con e-parent\" data-id=\"0443297\" data-element_type=\"container\" data-e-type=\"container\">\n\t\t\t\t\t<div class=\"e-con-inner\">\n\t\t\t\t<div class=\"elementor-element elementor-element-37c58d4 elementor-widget elementor-widget-text-editor\" data-id=\"37c58d4\" data-element_type=\"widget\" data-e-type=\"widget\" data-widget_type=\"text-editor.default\">\n\t\t\t\t\t\t\t\t\t<p>Mechanische Nachfolgebearbeitungen, Bauteilreinigungsvorg\u00e4nge, Baugruppenmontagen sowie Endpr\u00fcfungen und 100% Inlinepr\u00fcfungen bis hin zur individuellen Verpackungs- und Logistikl\u00f6sung,\u00a0<span style=\"font-family: inherit; font-size: inherit; font-style: inherit; font-variant-caps: inherit; text-align: var(--text-align); letter-spacing: var(--theme-letter-spacing); text-transform: var(--theme-text-transform); text-decoration: var(--theme-text-decoration);\">machen uns zum gesch\u00e4tzten Systemlieferanten.<\/span><\/p>\t\t\t\t\t\t\t\t<\/div>\n\t\t\t\t\t<\/div>\n\t\t\t\t<\/div>\n\t\t<div class=\"elementor-element elementor-element-e773f1d e-flex e-con-boxed e-con e-parent\" data-id=\"e773f1d\" data-element_type=\"container\" data-e-type=\"container\">\n\t\t\t\t\t<div class=\"e-con-inner\">\n\t\t\t\t<div class=\"elementor-element elementor-element-04aab79 elementor-widget elementor-widget-image\" data-id=\"04aab79\" data-element_type=\"widget\" data-e-type=\"widget\" data-widget_type=\"image.default\">\n\t\t\t\t\t\t\t\t\t\t\t\t\t\t\t<img fetchpriority=\"high\" decoding=\"async\" width=\"995\" height=\"374\" src=\"https:\/\/www.sfsgroupaustria.at\/wp-content\/uploads\/2026\/02\/Banner-Folge-Operationen.png\" class=\"attachment-large size-large wp-image-1408\" alt=\"\" srcset=\"https:\/\/www.sfsgroupaustria.at\/wp-content\/uploads\/2026\/02\/Banner-Folge-Operationen.png 995w, https:\/\/www.sfsgroupaustria.at\/wp-content\/uploads\/2026\/02\/Banner-Folge-Operationen-300x113.png 300w, https:\/\/www.sfsgroupaustria.at\/wp-content\/uploads\/2026\/02\/Banner-Folge-Operationen-768x289.png 768w\" sizes=\"(max-width: 995px) 100vw, 995px\" \/>\t\t\t\t\t\t\t\t\t\t\t\t\t\t\t<\/div>\n\t\t\t\t\t<\/div>\n\t\t\t\t<\/div>\n\t\t<div class=\"elementor-element elementor-element-d45053d e-flex e-con-boxed e-con e-parent\" data-id=\"d45053d\" data-element_type=\"container\" data-e-type=\"container\">\n\t\t\t\t\t<div class=\"e-con-inner\">\n\t\t\t\t<div class=\"elementor-element elementor-element-e8ecbd5 elementor-widget elementor-widget-image\" data-id=\"e8ecbd5\" data-element_type=\"widget\" data-e-type=\"widget\" data-widget_type=\"image.default\">\n\t\t\t\t\t\t\t\t\t\t\t\t\t\t\t<img decoding=\"async\" width=\"966\" height=\"665\" src=\"https:\/\/www.sfsgroupaustria.at\/wp-content\/uploads\/2026\/02\/Folge-Operationen.png\" class=\"attachment-large size-large wp-image-1536\" alt=\"\" srcset=\"https:\/\/www.sfsgroupaustria.at\/wp-content\/uploads\/2026\/02\/Folge-Operationen.png 966w, https:\/\/www.sfsgroupaustria.at\/wp-content\/uploads\/2026\/02\/Folge-Operationen-300x207.png 300w, https:\/\/www.sfsgroupaustria.at\/wp-content\/uploads\/2026\/02\/Folge-Operationen-768x529.png 768w\" sizes=\"(max-width: 966px) 100vw, 966px\" \/>\t\t\t\t\t\t\t\t\t\t\t\t\t\t\t<\/div>\n\t\t\t\t\t<\/div>\n\t\t\t\t<\/div>\n\t\t<div class=\"elementor-element elementor-element-edacff4 e-flex e-con-boxed e-con e-parent\" data-id=\"edacff4\" data-element_type=\"container\" data-e-type=\"container\">\n\t\t\t\t\t<div class=\"e-con-inner\">\n\t\t<div class=\"elementor-element elementor-element-14aa2d3 e-con-full e-flex e-con e-child\" data-id=\"14aa2d3\" data-element_type=\"container\" data-e-type=\"container\">\n\t\t\t\t<div class=\"elementor-element elementor-element-fd01ebb elementor-widget elementor-widget-image\" data-id=\"fd01ebb\" data-element_type=\"widget\" data-e-type=\"widget\" data-widget_type=\"image.default\">\n\t\t\t\t\t\t\t\t\t\t\t\t\t\t\t<img decoding=\"async\" width=\"1024\" height=\"683\" src=\"https:\/\/www.sfsgroupaustria.at\/wp-content\/uploads\/2026\/03\/Trovalisieren-von-Teilen-1024x683.jpg\" class=\"attachment-large size-large wp-image-1683\" alt=\"\" srcset=\"https:\/\/www.sfsgroupaustria.at\/wp-content\/uploads\/2026\/03\/Trovalisieren-von-Teilen-1024x683.jpg 1024w, https:\/\/www.sfsgroupaustria.at\/wp-content\/uploads\/2026\/03\/Trovalisieren-von-Teilen-300x200.jpg 300w, https:\/\/www.sfsgroupaustria.at\/wp-content\/uploads\/2026\/03\/Trovalisieren-von-Teilen-768x512.jpg 768w, https:\/\/www.sfsgroupaustria.at\/wp-content\/uploads\/2026\/03\/Trovalisieren-von-Teilen-1536x1024.jpg 1536w, https:\/\/www.sfsgroupaustria.at\/wp-content\/uploads\/2026\/03\/Trovalisieren-von-Teilen.jpg 1656w\" sizes=\"(max-width: 1024px) 100vw, 1024px\" \/>\t\t\t\t\t\t\t\t\t\t\t\t\t\t\t<\/div>\n\t\t\t\t<\/div>\n\t\t<div class=\"elementor-element elementor-element-4e87203 e-con-full e-flex e-con e-child\" data-id=\"4e87203\" data-element_type=\"container\" data-e-type=\"container\">\n\t\t\t\t<div class=\"elementor-element elementor-element-e5228ac elementor-widget elementor-widget-image\" data-id=\"e5228ac\" data-element_type=\"widget\" data-e-type=\"widget\" data-widget_type=\"image.default\">\n\t\t\t\t\t\t\t\t\t\t\t\t\t\t\t<img loading=\"lazy\" decoding=\"async\" width=\"1024\" height=\"673\" src=\"https:\/\/www.sfsgroupaustria.at\/wp-content\/uploads\/2026\/03\/Kamerapruefung-1024x673.jpg\" class=\"attachment-large size-large wp-image-1684\" alt=\"\" srcset=\"https:\/\/www.sfsgroupaustria.at\/wp-content\/uploads\/2026\/03\/Kamerapruefung-1024x673.jpg 1024w, https:\/\/www.sfsgroupaustria.at\/wp-content\/uploads\/2026\/03\/Kamerapruefung-300x197.jpg 300w, https:\/\/www.sfsgroupaustria.at\/wp-content\/uploads\/2026\/03\/Kamerapruefung-768x505.jpg 768w, https:\/\/www.sfsgroupaustria.at\/wp-content\/uploads\/2026\/03\/Kamerapruefung-1536x1009.jpg 1536w, https:\/\/www.sfsgroupaustria.at\/wp-content\/uploads\/2026\/03\/Kamerapruefung.jpg 1656w\" sizes=\"(max-width: 1024px) 100vw, 1024px\" \/>\t\t\t\t\t\t\t\t\t\t\t\t\t\t\t<\/div>\n\t\t\t\t<\/div>\n\t\t\t\t\t<\/div>\n\t\t\t\t<\/div>\n\t\t\t\t<\/div>\n\t\t","protected":false},"excerpt":{"rendered":"<p>Folge Operationen Mechanische Nachfolgebearbeitungen, Bauteilreinigungsvorg\u00e4nge, Baugruppenmontagen sowie Endpr\u00fcfungen und 100% Inlinepr\u00fcfungen bis hin zur individuellen Verpackungs- und Logistikl\u00f6sung,\u00a0machen uns zum gesch\u00e4tzten Systemlieferanten.<\/p>\n","protected":false},"author":2,"featured_media":0,"parent":0,"menu_order":0,"comment_status":"closed","ping_status":"closed","template":"","meta":{"footnotes":""},"class_list":["post-1367","page","type-page","status-publish","hentry"],"blocksy_meta":[],"_links":{"self":[{"href":"https:\/\/www.sfsgroupaustria.at\/index.php\/wp-json\/wp\/v2\/pages\/1367","targetHints":{"allow":["GET"]}}],"collection":[{"href":"https:\/\/www.sfsgroupaustria.at\/index.php\/wp-json\/wp\/v2\/pages"}],"about":[{"href":"https:\/\/www.sfsgroupaustria.at\/index.php\/wp-json\/wp\/v2\/types\/page"}],"author":[{"embeddable":true,"href":"https:\/\/www.sfsgroupaustria.at\/index.php\/wp-json\/wp\/v2\/users\/2"}],"replies":[{"embeddable":true,"href":"https:\/\/www.sfsgroupaustria.at\/index.php\/wp-json\/wp\/v2\/comments?post=1367"}],"version-history":[{"count":19,"href":"https:\/\/www.sfsgroupaustria.at\/index.php\/wp-json\/wp\/v2\/pages\/1367\/revisions"}],"predecessor-version":[{"id":1958,"href":"https:\/\/www.sfsgroupaustria.at\/index.php\/wp-json\/wp\/v2\/pages\/1367\/revisions\/1958"}],"wp:attachment":[{"href":"https:\/\/www.sfsgroupaustria.at\/index.php\/wp-json\/wp\/v2\/media?parent=1367"}],"curies":[{"name":"wp","href":"https:\/\/api.w.org\/{rel}","templated":true}]}}