{"id":1357,"date":"2026-02-24T14:55:02","date_gmt":"2026-02-24T13:55:02","guid":{"rendered":"https:\/\/www.sfsgroupaustria.at\/?page_id=1357"},"modified":"2026-03-01T15:33:45","modified_gmt":"2026-03-01T14:33:45","slug":"pruef-und-messtechnik","status":"publish","type":"page","link":"https:\/\/www.sfsgroupaustria.at\/index.php\/pruef-und-messtechnik\/","title":{"rendered":"Pr\u00fcf- und Messtechnik"},"content":{"rendered":"\t\t<div data-elementor-type=\"wp-page\" data-elementor-id=\"1357\" class=\"elementor elementor-1357\">\n\t\t\t\t\t\t<section class=\"elementor-section elementor-top-section elementor-element elementor-element-f22e33e ct-section-stretched elementor-section-boxed elementor-section-height-default elementor-section-height-default\" data-id=\"f22e33e\" data-element_type=\"section\" data-e-type=\"section\" data-settings=\"{&quot;background_background&quot;:&quot;classic&quot;}\">\n\t\t\t\t\t\t\t<div class=\"elementor-background-overlay\"><\/div>\n\t\t\t\t\t\t\t<div class=\"elementor-container elementor-column-gap-default\">\n\t\t\t\t\t<div class=\"elementor-column elementor-col-100 elementor-top-column elementor-element elementor-element-5bce94fe\" data-id=\"5bce94fe\" data-element_type=\"column\" data-e-type=\"column\">\n\t\t\t<div class=\"elementor-widget-wrap\">\n\t\t\t\t\t\t\t<\/div>\n\t\t<\/div>\n\t\t\t\t\t<\/div>\n\t\t<\/section>\n\t\t<div class=\"elementor-element elementor-element-363e020 e-flex e-con-boxed e-con e-parent\" data-id=\"363e020\" data-element_type=\"container\" data-e-type=\"container\">\n\t\t\t\t\t<div class=\"e-con-inner\">\n\t\t<div class=\"elementor-element elementor-element-764d120 e-con-full e-flex e-con e-child\" data-id=\"764d120\" data-element_type=\"container\" data-e-type=\"container\">\n\t\t\t\t<div class=\"elementor-element elementor-element-27f183c elementor-widget elementor-widget-image\" data-id=\"27f183c\" data-element_type=\"widget\" data-e-type=\"widget\" data-widget_type=\"image.default\">\n\t\t\t\t\t\t\t\t\t\t\t\t\t\t\t<img fetchpriority=\"high\" decoding=\"async\" width=\"1024\" height=\"1024\" src=\"https:\/\/www.sfsgroupaustria.at\/wp-content\/uploads\/2026\/03\/Prueftechnik_2746-1024x1024.png\" class=\"attachment-large size-large wp-image-1695\" alt=\"\" srcset=\"https:\/\/www.sfsgroupaustria.at\/wp-content\/uploads\/2026\/03\/Prueftechnik_2746-1024x1024.png 1024w, https:\/\/www.sfsgroupaustria.at\/wp-content\/uploads\/2026\/03\/Prueftechnik_2746-300x300.png 300w, https:\/\/www.sfsgroupaustria.at\/wp-content\/uploads\/2026\/03\/Prueftechnik_2746-150x150.png 150w, https:\/\/www.sfsgroupaustria.at\/wp-content\/uploads\/2026\/03\/Prueftechnik_2746-768x768.png 768w, https:\/\/www.sfsgroupaustria.at\/wp-content\/uploads\/2026\/03\/Prueftechnik_2746.png 1500w\" sizes=\"(max-width: 1024px) 100vw, 1024px\" \/>\t\t\t\t\t\t\t\t\t\t\t\t\t\t\t<\/div>\n\t\t\t\t<\/div>\n\t\t<div class=\"elementor-element elementor-element-aae1d0f e-con-full e-flex e-con e-child\" data-id=\"aae1d0f\" data-element_type=\"container\" data-e-type=\"container\">\n\t\t<div class=\"elementor-element elementor-element-24ff68f e-con-full e-flex e-con e-child\" data-id=\"24ff68f\" data-element_type=\"container\" data-e-type=\"container\">\n\t\t\t\t<div class=\"elementor-element elementor-element-f956015 elementor-widget elementor-widget-heading\" data-id=\"f956015\" data-element_type=\"widget\" data-e-type=\"widget\" data-widget_type=\"heading.default\">\n\t\t\t\t\t<h4 class=\"elementor-heading-title elementor-size-default\">Pr\u00fcf- und Messtechnik<\/h4>\t\t\t\t<\/div>\n\t\t<div class=\"elementor-element elementor-element-532bda4 e-con-full e-flex e-con e-child\" data-id=\"532bda4\" data-element_type=\"container\" data-e-type=\"container\">\n\t\t\t\t<div class=\"elementor-element elementor-element-d40820a elementor-widget elementor-widget-text-editor\" data-id=\"d40820a\" data-element_type=\"widget\" data-e-type=\"widget\" data-widget_type=\"text-editor.default\">\n\t\t\t\t\t\t\t\t\t<p>Die Einhaltung der Spezifikationen wird mit modernsten Pr\u00fcf- und Messtechniken genaustens \u00fcberwacht, protokolliert, analysiert und dokumentiert. Ob mittels 3D Scanner, 3D-Messmaschine,\u00a0<span style=\"font-family: inherit; font-size: inherit; font-style: inherit; font-variant-caps: inherit; text-align: var(--text-align); letter-spacing: var(--theme-letter-spacing); text-transform: var(--theme-text-transform); text-decoration: var(--theme-text-decoration);\">digitalen Mikroskopen oder anderen Pr\u00fcfmitteln, unsere Spezialisten erarbeiten eine massgeschneiderte Pr\u00fcfplanung zur Sicherstellung der Produktqualit\u00e4t. Verl\u00e4ssliche Dokumentationen und\u00a0<\/span><span style=\"font-family: inherit; font-size: inherit; font-style: inherit; font-variant-caps: inherit; text-align: var(--text-align); letter-spacing: var(--theme-letter-spacing); text-transform: var(--theme-text-transform); text-decoration: var(--theme-text-decoration);\">deren Archivierung geh\u00f6ren zu unseren selbstverst\u00e4ndlichen Leistungen. In unserer Qualit\u00e4tssicherung arbeiten ausschliesslich Fachkr\u00e4fte, die auf die anspruchsvolle Ausmessung hochpr\u00e4ziser\u00a0<\/span><span style=\"font-family: inherit; font-size: inherit; font-style: inherit; font-variant-caps: inherit; text-align: var(--text-align); letter-spacing: var(--theme-letter-spacing); text-transform: var(--theme-text-transform); text-decoration: var(--theme-text-decoration);\">Kunststoffteile geschult sind.<\/span><\/p>\t\t\t\t\t\t\t\t<\/div>\n\t\t\t\t<\/div>\n\t\t\t\t<\/div>\n\t\t\t\t<\/div>\n\t\t\t\t\t<\/div>\n\t\t\t\t<\/div>\n\t\t<div class=\"elementor-element elementor-element-0184481 e-flex e-con-boxed e-con e-parent\" data-id=\"0184481\" data-element_type=\"container\" data-e-type=\"container\">\n\t\t\t\t\t<div class=\"e-con-inner\">\n\t\t\t\t<div class=\"elementor-element elementor-element-dd6843c elementor-widget elementor-widget-image\" data-id=\"dd6843c\" data-element_type=\"widget\" data-e-type=\"widget\" data-widget_type=\"image.default\">\n\t\t\t\t\t\t\t\t\t\t\t\t\t\t\t<img decoding=\"async\" width=\"1024\" height=\"384\" src=\"https:\/\/www.sfsgroupaustria.at\/wp-content\/uploads\/2026\/02\/Banner-Prueftechnik-1024x384.png\" class=\"attachment-large size-large wp-image-1499\" alt=\"\" srcset=\"https:\/\/www.sfsgroupaustria.at\/wp-content\/uploads\/2026\/02\/Banner-Prueftechnik-1024x384.png 1024w, https:\/\/www.sfsgroupaustria.at\/wp-content\/uploads\/2026\/02\/Banner-Prueftechnik-300x113.png 300w, https:\/\/www.sfsgroupaustria.at\/wp-content\/uploads\/2026\/02\/Banner-Prueftechnik-768x288.png 768w, https:\/\/www.sfsgroupaustria.at\/wp-content\/uploads\/2026\/02\/Banner-Prueftechnik-1536x576.png 1536w, https:\/\/www.sfsgroupaustria.at\/wp-content\/uploads\/2026\/02\/Banner-Prueftechnik.png 2000w\" sizes=\"(max-width: 1024px) 100vw, 1024px\" \/>\t\t\t\t\t\t\t\t\t\t\t\t\t\t\t<\/div>\n\t\t\t\t\t<\/div>\n\t\t\t\t<\/div>\n\t\t<div class=\"elementor-element elementor-element-7d216e3 e-grid e-con-boxed e-con e-parent\" data-id=\"7d216e3\" data-element_type=\"container\" data-e-type=\"container\">\n\t\t\t\t\t<div class=\"e-con-inner\">\n\t\t\t\t<div class=\"elementor-element elementor-element-0f65b80 elementor-widget elementor-widget-image\" data-id=\"0f65b80\" data-element_type=\"widget\" data-e-type=\"widget\" data-widget_type=\"image.default\">\n\t\t\t\t\t\t\t\t\t\t\t\t\t\t\t<img decoding=\"async\" width=\"1024\" height=\"768\" src=\"https:\/\/www.sfsgroupaustria.at\/wp-content\/uploads\/2026\/01\/Prueftechnik_1000082703-1024x768.jpg\" class=\"attachment-large size-large wp-image-1140\" alt=\"\" srcset=\"https:\/\/www.sfsgroupaustria.at\/wp-content\/uploads\/2026\/01\/Prueftechnik_1000082703-1024x768.jpg 1024w, https:\/\/www.sfsgroupaustria.at\/wp-content\/uploads\/2026\/01\/Prueftechnik_1000082703-300x225.jpg 300w, https:\/\/www.sfsgroupaustria.at\/wp-content\/uploads\/2026\/01\/Prueftechnik_1000082703-768x576.jpg 768w, https:\/\/www.sfsgroupaustria.at\/wp-content\/uploads\/2026\/01\/Prueftechnik_1000082703-1536x1152.jpg 1536w, https:\/\/www.sfsgroupaustria.at\/wp-content\/uploads\/2026\/01\/Prueftechnik_1000082703.jpg 2000w\" sizes=\"(max-width: 1024px) 100vw, 1024px\" \/>\t\t\t\t\t\t\t\t\t\t\t\t\t\t\t<\/div>\n\t\t\t\t<div class=\"elementor-element elementor-element-f708597 elementor-widget elementor-widget-image\" data-id=\"f708597\" data-element_type=\"widget\" data-e-type=\"widget\" data-widget_type=\"image.default\">\n\t\t\t\t\t\t\t\t\t\t\t\t\t\t\t<img loading=\"lazy\" decoding=\"async\" width=\"1024\" height=\"768\" src=\"https:\/\/www.sfsgroupaustria.at\/wp-content\/uploads\/2026\/01\/Prueftechnik_1000082698-1024x768.jpg\" class=\"attachment-large size-large wp-image-1142\" alt=\"\" srcset=\"https:\/\/www.sfsgroupaustria.at\/wp-content\/uploads\/2026\/01\/Prueftechnik_1000082698-1024x768.jpg 1024w, https:\/\/www.sfsgroupaustria.at\/wp-content\/uploads\/2026\/01\/Prueftechnik_1000082698-300x225.jpg 300w, https:\/\/www.sfsgroupaustria.at\/wp-content\/uploads\/2026\/01\/Prueftechnik_1000082698-768x576.jpg 768w, https:\/\/www.sfsgroupaustria.at\/wp-content\/uploads\/2026\/01\/Prueftechnik_1000082698-1536x1152.jpg 1536w, https:\/\/www.sfsgroupaustria.at\/wp-content\/uploads\/2026\/01\/Prueftechnik_1000082698.jpg 2000w\" sizes=\"(max-width: 1024px) 100vw, 1024px\" \/>\t\t\t\t\t\t\t\t\t\t\t\t\t\t\t<\/div>\n\t\t\t\t\t<\/div>\n\t\t\t\t<\/div>\n\t\t\t\t<\/div>\n\t\t","protected":false},"excerpt":{"rendered":"<p>Pr\u00fcf- und Messtechnik Die Einhaltung der Spezifikationen wird mit modernsten Pr\u00fcf- und Messtechniken genaustens \u00fcberwacht, protokolliert, analysiert und dokumentiert. Ob mittels 3D Scanner, 3D-Messmaschine,\u00a0digitalen Mikroskopen oder anderen Pr\u00fcfmitteln, unsere Spezialisten erarbeiten eine massgeschneiderte Pr\u00fcfplanung zur Sicherstellung der Produktqualit\u00e4t. Verl\u00e4ssliche Dokumentationen und\u00a0deren Archivierung geh\u00f6ren zu unseren selbstverst\u00e4ndlichen Leistungen. In unserer Qualit\u00e4tssicherung arbeiten ausschliesslich Fachkr\u00e4fte, die auf [&hellip;]<\/p>\n","protected":false},"author":2,"featured_media":0,"parent":0,"menu_order":0,"comment_status":"closed","ping_status":"closed","template":"","meta":{"footnotes":""},"class_list":["post-1357","page","type-page","status-publish","hentry"],"blocksy_meta":[],"_links":{"self":[{"href":"https:\/\/www.sfsgroupaustria.at\/index.php\/wp-json\/wp\/v2\/pages\/1357","targetHints":{"allow":["GET"]}}],"collection":[{"href":"https:\/\/www.sfsgroupaustria.at\/index.php\/wp-json\/wp\/v2\/pages"}],"about":[{"href":"https:\/\/www.sfsgroupaustria.at\/index.php\/wp-json\/wp\/v2\/types\/page"}],"author":[{"embeddable":true,"href":"https:\/\/www.sfsgroupaustria.at\/index.php\/wp-json\/wp\/v2\/users\/2"}],"replies":[{"embeddable":true,"href":"https:\/\/www.sfsgroupaustria.at\/index.php\/wp-json\/wp\/v2\/comments?post=1357"}],"version-history":[{"count":19,"href":"https:\/\/www.sfsgroupaustria.at\/index.php\/wp-json\/wp\/v2\/pages\/1357\/revisions"}],"predecessor-version":[{"id":1701,"href":"https:\/\/www.sfsgroupaustria.at\/index.php\/wp-json\/wp\/v2\/pages\/1357\/revisions\/1701"}],"wp:attachment":[{"href":"https:\/\/www.sfsgroupaustria.at\/index.php\/wp-json\/wp\/v2\/media?parent=1357"}],"curies":[{"name":"wp","href":"https:\/\/api.w.org\/{rel}","templated":true}]}}