{"id":1352,"date":"2026-02-24T14:53:38","date_gmt":"2026-02-24T13:53:38","guid":{"rendered":"https:\/\/www.sfsgroupaustria.at\/?page_id=1352"},"modified":"2026-03-10T15:49:16","modified_gmt":"2026-03-10T14:49:16","slug":"produktion","status":"publish","type":"page","link":"https:\/\/www.sfsgroupaustria.at\/index.php\/produktion\/","title":{"rendered":"Produktion"},"content":{"rendered":"\t\t<div data-elementor-type=\"wp-page\" data-elementor-id=\"1352\" class=\"elementor elementor-1352\">\n\t\t\t\t\t\t<section class=\"elementor-section elementor-top-section elementor-element elementor-element-1fc9866d ct-section-stretched elementor-section-boxed elementor-section-height-default elementor-section-height-default\" data-id=\"1fc9866d\" data-element_type=\"section\" data-e-type=\"section\" data-settings=\"{&quot;background_background&quot;:&quot;classic&quot;}\">\n\t\t\t\t\t\t\t<div class=\"elementor-background-overlay\"><\/div>\n\t\t\t\t\t\t\t<div class=\"elementor-container elementor-column-gap-default\">\n\t\t\t\t\t<div class=\"elementor-column elementor-col-100 elementor-top-column elementor-element elementor-element-61526fe9\" data-id=\"61526fe9\" data-element_type=\"column\" data-e-type=\"column\">\n\t\t\t<div class=\"elementor-widget-wrap\">\n\t\t\t\t\t\t\t<\/div>\n\t\t<\/div>\n\t\t\t\t\t<\/div>\n\t\t<\/section>\n\t\t<div class=\"elementor-element elementor-element-3450de50 e-flex e-con-boxed e-con e-parent\" data-id=\"3450de50\" data-element_type=\"container\" data-e-type=\"container\">\n\t\t\t\t\t<div class=\"e-con-inner\">\n\t\t\t\t<div class=\"elementor-element elementor-element-22fce578 elementor-widget elementor-widget-heading\" data-id=\"22fce578\" data-element_type=\"widget\" data-e-type=\"widget\" data-widget_type=\"heading.default\">\n\t\t\t\t\t<h2 class=\"elementor-heading-title elementor-size-default\">Produktion<\/h2>\t\t\t\t<\/div>\n\t\t\t\t\t<\/div>\n\t\t\t\t<\/div>\n\t\t<div class=\"elementor-element elementor-element-133db826 e-flex e-con-boxed e-con e-parent\" data-id=\"133db826\" data-element_type=\"container\" data-e-type=\"container\">\n\t\t\t\t\t<div class=\"e-con-inner\">\n\t\t\t\t<div class=\"elementor-element elementor-element-23b2db17 elementor-widget elementor-widget-text-editor\" data-id=\"23b2db17\" data-element_type=\"widget\" data-e-type=\"widget\" data-widget_type=\"text-editor.default\">\n\t\t\t\t\t\t\t\t\t<p>Erfolgreiche Produktionen sind das Resultat perfekter Werkzeuge, zuverl\u00e4ssiger Maschinen und gut ausgebildeter Fachleute. Unsere 35 Spritzgiessmaschinen sind ausger\u00fcstet f\u00fcr prozessstabile\u00a0<span style=\"font-family: inherit; font-size: inherit; font-style: inherit; font-variant-caps: inherit; text-align: var(--text-align); letter-spacing: var(--theme-letter-spacing); text-transform: var(--theme-text-transform); text-decoration: var(--theme-text-decoration);\">Produktionen rund um die Uhr um Millionen von hochpr\u00e4zisen Kunststoffteilen pro Jahr zu produzieren.<\/span><\/p><p>Von Standard- \u00fcber technische Kunststoffe bis hin zu Hochleistungswerkstoffen, wir haben uns \u00fcber viele Jahre ein tiefgr\u00fcndiges Know-how in der Verarbeitung s\u00e4mtlicher Materialien erarbetet.<\/p><p>Derzeit verarbeiten wird \u00fcber 100 verschiedene Kunststoffe. Wir unterst\u00fctzen unsere Kunden gerne bei der Materialauswahl.<\/p>\t\t\t\t\t\t\t\t<\/div>\n\t\t\t\t\t<\/div>\n\t\t\t\t<\/div>\n\t\t<div class=\"elementor-element elementor-element-be0007b e-flex e-con-boxed e-con e-parent\" data-id=\"be0007b\" data-element_type=\"container\" data-e-type=\"container\">\n\t\t\t\t\t<div class=\"e-con-inner\">\n\t\t<div class=\"elementor-element elementor-element-0973c65 e-con-full e-flex e-con e-child\" data-id=\"0973c65\" data-element_type=\"container\" data-e-type=\"container\">\n\t\t\t\t<div class=\"elementor-element elementor-element-2acde98 elementor-widget elementor-widget-image\" data-id=\"2acde98\" data-element_type=\"widget\" data-e-type=\"widget\" data-widget_type=\"image.default\">\n\t\t\t\t\t\t\t\t\t\t\t\t\t\t\t<img fetchpriority=\"high\" decoding=\"async\" width=\"1024\" height=\"683\" src=\"https:\/\/www.sfsgroupaustria.at\/wp-content\/uploads\/2026\/03\/Produktion_149-1024x683.png\" class=\"attachment-large size-large wp-image-1780\" alt=\"\" srcset=\"https:\/\/www.sfsgroupaustria.at\/wp-content\/uploads\/2026\/03\/Produktion_149-1024x683.png 1024w, https:\/\/www.sfsgroupaustria.at\/wp-content\/uploads\/2026\/03\/Produktion_149-300x200.png 300w, https:\/\/www.sfsgroupaustria.at\/wp-content\/uploads\/2026\/03\/Produktion_149-768x512.png 768w, https:\/\/www.sfsgroupaustria.at\/wp-content\/uploads\/2026\/03\/Produktion_149-1536x1024.png 1536w, https:\/\/www.sfsgroupaustria.at\/wp-content\/uploads\/2026\/03\/Produktion_149.png 2043w\" sizes=\"(max-width: 1024px) 100vw, 1024px\" \/>\t\t\t\t\t\t\t\t\t\t\t\t\t\t\t<\/div>\n\t\t\t\t<\/div>\n\t\t<div class=\"elementor-element elementor-element-f014f30 e-con-full e-flex e-con e-child\" data-id=\"f014f30\" data-element_type=\"container\" data-e-type=\"container\">\n\t\t\t\t<div class=\"elementor-element elementor-element-2e1b08a elementor-widget elementor-widget-image\" data-id=\"2e1b08a\" data-element_type=\"widget\" data-e-type=\"widget\" data-widget_type=\"image.default\">\n\t\t\t\t\t\t\t\t\t\t\t\t\t\t\t<img decoding=\"async\" width=\"1024\" height=\"682\" src=\"https:\/\/www.sfsgroupaustria.at\/wp-content\/uploads\/2026\/03\/Produktion_168-1024x682.png\" class=\"attachment-large size-large wp-image-1781\" alt=\"\" srcset=\"https:\/\/www.sfsgroupaustria.at\/wp-content\/uploads\/2026\/03\/Produktion_168-1024x682.png 1024w, https:\/\/www.sfsgroupaustria.at\/wp-content\/uploads\/2026\/03\/Produktion_168-300x200.png 300w, https:\/\/www.sfsgroupaustria.at\/wp-content\/uploads\/2026\/03\/Produktion_168-768x512.png 768w, https:\/\/www.sfsgroupaustria.at\/wp-content\/uploads\/2026\/03\/Produktion_168.png 1535w\" sizes=\"(max-width: 1024px) 100vw, 1024px\" \/>\t\t\t\t\t\t\t\t\t\t\t\t\t\t\t<\/div>\n\t\t\t\t<\/div>\n\t\t\t\t\t<\/div>\n\t\t\t\t<\/div>\n\t\t<div class=\"elementor-element elementor-element-c13f6b2 e-flex e-con-boxed e-con e-parent\" data-id=\"c13f6b2\" data-element_type=\"container\" data-e-type=\"container\">\n\t\t\t\t\t<div class=\"e-con-inner\">\n\t\t\t\t<div class=\"elementor-element elementor-element-93dd5f7 elementor-widget elementor-widget-image\" data-id=\"93dd5f7\" data-element_type=\"widget\" data-e-type=\"widget\" data-widget_type=\"image.default\">\n\t\t\t\t\t\t\t\t\t\t\t\t\t\t\t<img decoding=\"async\" width=\"1024\" height=\"683\" src=\"https:\/\/www.sfsgroupaustria.at\/wp-content\/uploads\/2026\/03\/Produktion_354-1024x683.png\" class=\"attachment-large size-large wp-image-1782\" alt=\"\" srcset=\"https:\/\/www.sfsgroupaustria.at\/wp-content\/uploads\/2026\/03\/Produktion_354-1024x683.png 1024w, https:\/\/www.sfsgroupaustria.at\/wp-content\/uploads\/2026\/03\/Produktion_354-300x200.png 300w, https:\/\/www.sfsgroupaustria.at\/wp-content\/uploads\/2026\/03\/Produktion_354-768x512.png 768w, https:\/\/www.sfsgroupaustria.at\/wp-content\/uploads\/2026\/03\/Produktion_354-1536x1024.png 1536w, https:\/\/www.sfsgroupaustria.at\/wp-content\/uploads\/2026\/03\/Produktion_354.png 1575w\" sizes=\"(max-width: 1024px) 100vw, 1024px\" \/>\t\t\t\t\t\t\t\t\t\t\t\t\t\t\t<\/div>\n\t\t\t\t\t<\/div>\n\t\t\t\t<\/div>\n\t\t\t\t<\/div>\n\t\t","protected":false},"excerpt":{"rendered":"<p>Produktion Erfolgreiche Produktionen sind das Resultat perfekter Werkzeuge, zuverl\u00e4ssiger Maschinen und gut ausgebildeter Fachleute. Unsere 35 Spritzgiessmaschinen sind ausger\u00fcstet f\u00fcr prozessstabile\u00a0Produktionen rund um die Uhr um Millionen von hochpr\u00e4zisen Kunststoffteilen pro Jahr zu produzieren. Von Standard- \u00fcber technische Kunststoffe bis hin zu Hochleistungswerkstoffen, wir haben uns \u00fcber viele Jahre ein tiefgr\u00fcndiges Know-how in der Verarbeitung [&hellip;]<\/p>\n","protected":false},"author":2,"featured_media":0,"parent":0,"menu_order":0,"comment_status":"closed","ping_status":"closed","template":"","meta":{"footnotes":""},"class_list":["post-1352","page","type-page","status-publish","hentry"],"blocksy_meta":[],"_links":{"self":[{"href":"https:\/\/www.sfsgroupaustria.at\/index.php\/wp-json\/wp\/v2\/pages\/1352","targetHints":{"allow":["GET"]}}],"collection":[{"href":"https:\/\/www.sfsgroupaustria.at\/index.php\/wp-json\/wp\/v2\/pages"}],"about":[{"href":"https:\/\/www.sfsgroupaustria.at\/index.php\/wp-json\/wp\/v2\/types\/page"}],"author":[{"embeddable":true,"href":"https:\/\/www.sfsgroupaustria.at\/index.php\/wp-json\/wp\/v2\/users\/2"}],"replies":[{"embeddable":true,"href":"https:\/\/www.sfsgroupaustria.at\/index.php\/wp-json\/wp\/v2\/comments?post=1352"}],"version-history":[{"count":26,"href":"https:\/\/www.sfsgroupaustria.at\/index.php\/wp-json\/wp\/v2\/pages\/1352\/revisions"}],"predecessor-version":[{"id":2022,"href":"https:\/\/www.sfsgroupaustria.at\/index.php\/wp-json\/wp\/v2\/pages\/1352\/revisions\/2022"}],"wp:attachment":[{"href":"https:\/\/www.sfsgroupaustria.at\/index.php\/wp-json\/wp\/v2\/media?parent=1352"}],"curies":[{"name":"wp","href":"https:\/\/api.w.org\/{rel}","templated":true}]}}