{"id":1347,"date":"2026-02-24T14:51:36","date_gmt":"2026-02-24T13:51:36","guid":{"rendered":"https:\/\/www.sfsgroupaustria.at\/?page_id=1347"},"modified":"2026-03-10T15:45:53","modified_gmt":"2026-03-10T14:45:53","slug":"lohnfertigung","status":"publish","type":"page","link":"https:\/\/www.sfsgroupaustria.at\/index.php\/lohnfertigung\/","title":{"rendered":"Lohnfertigung"},"content":{"rendered":"\t\t<div data-elementor-type=\"wp-page\" data-elementor-id=\"1347\" class=\"elementor elementor-1347\">\n\t\t\t\t\t\t<section class=\"elementor-section elementor-top-section elementor-element elementor-element-4d050027 ct-section-stretched elementor-section-boxed elementor-section-height-default elementor-section-height-default\" data-id=\"4d050027\" data-element_type=\"section\" data-e-type=\"section\" data-settings=\"{&quot;background_background&quot;:&quot;classic&quot;}\">\n\t\t\t\t\t\t\t<div class=\"elementor-background-overlay\"><\/div>\n\t\t\t\t\t\t\t<div class=\"elementor-container elementor-column-gap-default\">\n\t\t\t\t\t<div class=\"elementor-column elementor-col-100 elementor-top-column elementor-element elementor-element-33fe0429\" data-id=\"33fe0429\" data-element_type=\"column\" data-e-type=\"column\">\n\t\t\t<div class=\"elementor-widget-wrap\">\n\t\t\t\t\t\t\t<\/div>\n\t\t<\/div>\n\t\t\t\t\t<\/div>\n\t\t<\/section>\n\t\t<div class=\"elementor-element elementor-element-503bbe9c e-flex e-con-boxed e-con e-parent\" data-id=\"503bbe9c\" data-element_type=\"container\" data-e-type=\"container\">\n\t\t\t\t\t<div class=\"e-con-inner\">\n\t\t\t\t<div class=\"elementor-element elementor-element-32880f7d elementor-widget elementor-widget-heading\" data-id=\"32880f7d\" data-element_type=\"widget\" data-e-type=\"widget\" data-widget_type=\"heading.default\">\n\t\t\t\t\t<h2 class=\"elementor-heading-title elementor-size-default\">Lohnfertigung<\/h2>\t\t\t\t<\/div>\n\t\t\t\t\t<\/div>\n\t\t\t\t<\/div>\n\t\t<div class=\"elementor-element elementor-element-72d0cb83 e-flex e-con-boxed e-con e-parent\" data-id=\"72d0cb83\" data-element_type=\"container\" data-e-type=\"container\">\n\t\t\t\t\t<div class=\"e-con-inner\">\n\t\t\t\t<div class=\"elementor-element elementor-element-61efa292 elementor-widget elementor-widget-text-editor\" data-id=\"61efa292\" data-element_type=\"widget\" data-e-type=\"widget\" data-widget_type=\"text-editor.default\">\n\t\t\t\t\t\t\t\t\t<p>Dank unseres umfangreichen Maschinenparks fertigen wir f\u00fcr Sie auch gerne Einzelteile und Kleinserien oder wenn gew\u00fcnscht auch ganze Spritzgie\u00dfwerkzeuge. Wir fertigen Fr\u00e4steile nach Ihren Vorgaben, von einfach bis hochkomplex. Toleranzen im Bereich von wenigen \u00b5m sind bei uns selbstverst\u00e4ndlich!<\/p><p><span style=\"text-decoration: underline;\">Drahtschneiden:<\/span><br \/>Drahtschneiden ist eine hochpr\u00e4zise Bearbeitungstechnologie, die f\u00fcr die Herstellung von komplexen Metallteilen verwendet wird. Durch die Verwendung von Drahterodiermaschinen k\u00f6nnen extrem enge Toleranzen und glatte Oberfl\u00e4chen erreicht werden.<\/p><p>&#8211; Bearbeitung bis zu 0,05mm Draht m\u00f6glich<br \/>&#8211; Eckenradius bis 0,03mm m\u00f6glich<br \/>&#8211; Toleranzen bis +\/-2\u00b5m Oberfl\u00e4chen<br \/>&#8211; Oberfl\u00e4cheng\u00fcte bis Ra 0,2\u00b5m<\/p><p><span style=\"text-decoration: underline;\">5-Achsfr\u00e4sen:<\/span><br \/>&#8211; neueste Maschinentechnologie<br \/>&#8211; Im Verbund mit Messabgleich<br \/>&#8211; Im Verbund mit Erodieren und Vermessung m\u00f6glich<br \/>&#8211; Hoher Automatisierungsgrad<br \/>&#8211; Spiegelfl\u00e4chen bis Ra 0,025\u00b5m (je nach Stahlqualit\u00e4t)<br \/>&#8211; Genauigkeit +\/- 3\u00b5m<\/p><p>Fragen Sie uns an. Unsere Experten beraten Sie gerne pers\u00f6nlich und erstellen Ihnen ein unverbindliches Angebot.<\/p>\t\t\t\t\t\t\t\t<\/div>\n\t\t\t\t\t<\/div>\n\t\t\t\t<\/div>\n\t\t<div class=\"elementor-element elementor-element-240e2c8 e-flex e-con-boxed e-con e-parent\" data-id=\"240e2c8\" data-element_type=\"container\" data-e-type=\"container\">\n\t\t\t\t\t<div class=\"e-con-inner\">\n\t\t<div class=\"elementor-element elementor-element-c2f8889 e-con-full e-flex e-con e-child\" data-id=\"c2f8889\" data-element_type=\"container\" data-e-type=\"container\">\n\t\t\t\t<div class=\"elementor-element elementor-element-81b945c elementor-widget elementor-widget-image\" data-id=\"81b945c\" data-element_type=\"widget\" data-e-type=\"widget\" data-widget_type=\"image.default\">\n\t\t\t\t\t\t\t\t\t\t\t\t\t\t\t<img fetchpriority=\"high\" decoding=\"async\" width=\"1024\" height=\"683\" src=\"https:\/\/www.sfsgroupaustria.at\/wp-content\/uploads\/2026\/02\/A742770-1024x683.jpg\" class=\"attachment-large size-large wp-image-1466\" alt=\"\" srcset=\"https:\/\/www.sfsgroupaustria.at\/wp-content\/uploads\/2026\/02\/A742770-1024x683.jpg 1024w, https:\/\/www.sfsgroupaustria.at\/wp-content\/uploads\/2026\/02\/A742770-300x200.jpg 300w, https:\/\/www.sfsgroupaustria.at\/wp-content\/uploads\/2026\/02\/A742770-768x512.jpg 768w, https:\/\/www.sfsgroupaustria.at\/wp-content\/uploads\/2026\/02\/A742770-1536x1024.jpg 1536w, https:\/\/www.sfsgroupaustria.at\/wp-content\/uploads\/2026\/02\/A742770-2048x1365.jpg 2048w\" sizes=\"(max-width: 1024px) 100vw, 1024px\" \/>\t\t\t\t\t\t\t\t\t\t\t\t\t\t\t<\/div>\n\t\t\t\t<\/div>\n\t\t<div class=\"elementor-element elementor-element-e26666e e-con-full e-flex e-con e-child\" data-id=\"e26666e\" data-element_type=\"container\" data-e-type=\"container\">\n\t\t<div class=\"elementor-element elementor-element-9ad8c05 e-con-full e-flex e-con e-child\" data-id=\"9ad8c05\" data-element_type=\"container\" data-e-type=\"container\">\n\t\t\t\t<div class=\"elementor-element elementor-element-4d86a89 elementor-widget elementor-widget-image\" data-id=\"4d86a89\" data-element_type=\"widget\" data-e-type=\"widget\" data-widget_type=\"image.default\">\n\t\t\t\t\t\t\t\t\t\t\t\t\t\t\t<img decoding=\"async\" width=\"1024\" height=\"683\" src=\"https:\/\/www.sfsgroupaustria.at\/wp-content\/uploads\/2026\/02\/A742784-1024x683.jpg\" class=\"attachment-large size-large wp-image-1470\" alt=\"\" srcset=\"https:\/\/www.sfsgroupaustria.at\/wp-content\/uploads\/2026\/02\/A742784-1024x683.jpg 1024w, https:\/\/www.sfsgroupaustria.at\/wp-content\/uploads\/2026\/02\/A742784-300x200.jpg 300w, https:\/\/www.sfsgroupaustria.at\/wp-content\/uploads\/2026\/02\/A742784-768x512.jpg 768w, https:\/\/www.sfsgroupaustria.at\/wp-content\/uploads\/2026\/02\/A742784-1536x1024.jpg 1536w, https:\/\/www.sfsgroupaustria.at\/wp-content\/uploads\/2026\/02\/A742784-2048x1365.jpg 2048w\" sizes=\"(max-width: 1024px) 100vw, 1024px\" \/>\t\t\t\t\t\t\t\t\t\t\t\t\t\t\t<\/div>\n\t\t\t\t<\/div>\n\t\t\t\t<\/div>\n\t\t\t\t\t<\/div>\n\t\t\t\t<\/div>\n\t\t<div class=\"elementor-element elementor-element-5fd6dd5 e-flex e-con-boxed e-con e-parent\" data-id=\"5fd6dd5\" data-element_type=\"container\" data-e-type=\"container\">\n\t\t\t\t\t<div class=\"e-con-inner\">\n\t\t<div class=\"elementor-element elementor-element-38d4087 e-con-full e-flex e-con e-child\" data-id=\"38d4087\" data-element_type=\"container\" data-e-type=\"container\">\n\t\t\t\t<div class=\"elementor-element elementor-element-c09ee26 elementor-widget elementor-widget-image\" data-id=\"c09ee26\" data-element_type=\"widget\" data-e-type=\"widget\" data-widget_type=\"image.default\">\n\t\t\t\t\t\t\t\t\t\t\t\t\t\t\t<img decoding=\"async\" width=\"1024\" height=\"682\" src=\"https:\/\/www.sfsgroupaustria.at\/wp-content\/uploads\/2026\/03\/A742786-2-1024x682.jpg\" class=\"attachment-large size-large wp-image-1775\" alt=\"\" srcset=\"https:\/\/www.sfsgroupaustria.at\/wp-content\/uploads\/2026\/03\/A742786-2-1024x682.jpg 1024w, https:\/\/www.sfsgroupaustria.at\/wp-content\/uploads\/2026\/03\/A742786-2-300x200.jpg 300w, https:\/\/www.sfsgroupaustria.at\/wp-content\/uploads\/2026\/03\/A742786-2-768x512.jpg 768w, https:\/\/www.sfsgroupaustria.at\/wp-content\/uploads\/2026\/03\/A742786-2-1536x1024.jpg 1536w, https:\/\/www.sfsgroupaustria.at\/wp-content\/uploads\/2026\/03\/A742786-2.jpg 1967w\" sizes=\"(max-width: 1024px) 100vw, 1024px\" \/>\t\t\t\t\t\t\t\t\t\t\t\t\t\t\t<\/div>\n\t\t\t\t<\/div>\n\t\t<div class=\"elementor-element elementor-element-cb51915 e-con-full e-flex e-con e-child\" data-id=\"cb51915\" data-element_type=\"container\" data-e-type=\"container\">\n\t\t<div class=\"elementor-element elementor-element-5a0dc01 e-con-full e-flex e-con e-child\" data-id=\"5a0dc01\" data-element_type=\"container\" data-e-type=\"container\">\n\t\t\t\t<div class=\"elementor-element elementor-element-78ad38d elementor-widget elementor-widget-image\" data-id=\"78ad38d\" data-element_type=\"widget\" data-e-type=\"widget\" data-widget_type=\"image.default\">\n\t\t\t\t\t\t\t\t\t\t\t\t\t\t\t<img loading=\"lazy\" decoding=\"async\" width=\"1024\" height=\"683\" src=\"https:\/\/www.sfsgroupaustria.at\/wp-content\/uploads\/2026\/03\/A742781-1024x683.png\" class=\"attachment-large size-large wp-image-1798\" alt=\"\" srcset=\"https:\/\/www.sfsgroupaustria.at\/wp-content\/uploads\/2026\/03\/A742781-1024x683.png 1024w, https:\/\/www.sfsgroupaustria.at\/wp-content\/uploads\/2026\/03\/A742781-300x200.png 300w, https:\/\/www.sfsgroupaustria.at\/wp-content\/uploads\/2026\/03\/A742781-768x512.png 768w, https:\/\/www.sfsgroupaustria.at\/wp-content\/uploads\/2026\/03\/A742781-1536x1024.png 1536w, https:\/\/www.sfsgroupaustria.at\/wp-content\/uploads\/2026\/03\/A742781-2048x1365.png 2048w\" sizes=\"(max-width: 1024px) 100vw, 1024px\" \/>\t\t\t\t\t\t\t\t\t\t\t\t\t\t\t<\/div>\n\t\t\t\t<\/div>\n\t\t\t\t<\/div>\n\t\t\t\t\t<\/div>\n\t\t\t\t<\/div>\n\t\t<div class=\"elementor-element elementor-element-554b58a e-flex e-con-boxed e-con e-parent\" data-id=\"554b58a\" data-element_type=\"container\" data-e-type=\"container\">\n\t\t\t\t\t<div class=\"e-con-inner\">\n\t\t\t\t<div class=\"elementor-element elementor-element-775beae elementor-widget elementor-widget-image\" data-id=\"775beae\" data-element_type=\"widget\" data-e-type=\"widget\" data-widget_type=\"image.default\">\n\t\t\t\t\t\t\t\t\t\t\t\t\t\t\t<img loading=\"lazy\" decoding=\"async\" width=\"1024\" height=\"683\" src=\"https:\/\/www.sfsgroupaustria.at\/wp-content\/uploads\/2026\/03\/A742903-1024x683.jpg\" class=\"attachment-large size-large wp-image-1878\" alt=\"\" srcset=\"https:\/\/www.sfsgroupaustria.at\/wp-content\/uploads\/2026\/03\/A742903-1024x683.jpg 1024w, https:\/\/www.sfsgroupaustria.at\/wp-content\/uploads\/2026\/03\/A742903-300x200.jpg 300w, https:\/\/www.sfsgroupaustria.at\/wp-content\/uploads\/2026\/03\/A742903-768x512.jpg 768w, https:\/\/www.sfsgroupaustria.at\/wp-content\/uploads\/2026\/03\/A742903-1536x1024.jpg 1536w, https:\/\/www.sfsgroupaustria.at\/wp-content\/uploads\/2026\/03\/A742903-2048x1365.jpg 2048w\" sizes=\"(max-width: 1024px) 100vw, 1024px\" \/>\t\t\t\t\t\t\t\t\t\t\t\t\t\t\t<\/div>\n\t\t\t\t\t<\/div>\n\t\t\t\t<\/div>\n\t\t\t\t<\/div>\n\t\t","protected":false},"excerpt":{"rendered":"<p>Lohnfertigung Dank unseres umfangreichen Maschinenparks fertigen wir f\u00fcr Sie auch gerne Einzelteile und Kleinserien oder wenn gew\u00fcnscht auch ganze Spritzgie\u00dfwerkzeuge. Wir fertigen Fr\u00e4steile nach Ihren Vorgaben, von einfach bis hochkomplex. Toleranzen im Bereich von wenigen \u00b5m sind bei uns selbstverst\u00e4ndlich! Drahtschneiden:Drahtschneiden ist eine hochpr\u00e4zise Bearbeitungstechnologie, die f\u00fcr die Herstellung von komplexen Metallteilen verwendet wird. Durch [&hellip;]<\/p>\n","protected":false},"author":2,"featured_media":0,"parent":0,"menu_order":0,"comment_status":"closed","ping_status":"closed","template":"","meta":{"footnotes":""},"class_list":["post-1347","page","type-page","status-publish","hentry"],"blocksy_meta":[],"_links":{"self":[{"href":"https:\/\/www.sfsgroupaustria.at\/index.php\/wp-json\/wp\/v2\/pages\/1347","targetHints":{"allow":["GET"]}}],"collection":[{"href":"https:\/\/www.sfsgroupaustria.at\/index.php\/wp-json\/wp\/v2\/pages"}],"about":[{"href":"https:\/\/www.sfsgroupaustria.at\/index.php\/wp-json\/wp\/v2\/types\/page"}],"author":[{"embeddable":true,"href":"https:\/\/www.sfsgroupaustria.at\/index.php\/wp-json\/wp\/v2\/users\/2"}],"replies":[{"embeddable":true,"href":"https:\/\/www.sfsgroupaustria.at\/index.php\/wp-json\/wp\/v2\/comments?post=1347"}],"version-history":[{"count":28,"href":"https:\/\/www.sfsgroupaustria.at\/index.php\/wp-json\/wp\/v2\/pages\/1347\/revisions"}],"predecessor-version":[{"id":1942,"href":"https:\/\/www.sfsgroupaustria.at\/index.php\/wp-json\/wp\/v2\/pages\/1347\/revisions\/1942"}],"wp:attachment":[{"href":"https:\/\/www.sfsgroupaustria.at\/index.php\/wp-json\/wp\/v2\/media?parent=1347"}],"curies":[{"name":"wp","href":"https:\/\/api.w.org\/{rel}","templated":true}]}}