{"id":1338,"date":"2026-02-24T14:46:58","date_gmt":"2026-02-24T13:46:58","guid":{"rendered":"https:\/\/www.sfsgroupaustria.at\/?page_id=1338"},"modified":"2026-03-24T20:11:27","modified_gmt":"2026-03-24T19:11:27","slug":"formenbau","status":"publish","type":"page","link":"https:\/\/www.sfsgroupaustria.at\/index.php\/formenbau\/","title":{"rendered":"Formenbau"},"content":{"rendered":"\t\t<div data-elementor-type=\"wp-page\" data-elementor-id=\"1338\" class=\"elementor elementor-1338\">\n\t\t\t\t\t\t<section class=\"elementor-section elementor-top-section elementor-element elementor-element-233c8c0d ct-section-stretched elementor-section-boxed elementor-section-height-default elementor-section-height-default\" data-id=\"233c8c0d\" data-element_type=\"section\" data-e-type=\"section\" data-settings=\"{&quot;background_background&quot;:&quot;classic&quot;}\">\n\t\t\t\t\t\t\t<div class=\"elementor-background-overlay\"><\/div>\n\t\t\t\t\t\t\t<div class=\"elementor-container elementor-column-gap-default\">\n\t\t\t\t\t<div class=\"elementor-column elementor-col-100 elementor-top-column elementor-element elementor-element-483ba233\" data-id=\"483ba233\" data-element_type=\"column\" data-e-type=\"column\">\n\t\t\t<div class=\"elementor-widget-wrap\">\n\t\t\t\t\t\t\t<\/div>\n\t\t<\/div>\n\t\t\t\t\t<\/div>\n\t\t<\/section>\n\t\t<div class=\"elementor-element elementor-element-1c01e503 e-flex e-con-boxed e-con e-parent\" data-id=\"1c01e503\" data-element_type=\"container\" data-e-type=\"container\">\n\t\t\t\t\t<div class=\"e-con-inner\">\n\t\t\t\t<div class=\"elementor-element elementor-element-6a0265f0 elementor-widget elementor-widget-heading\" data-id=\"6a0265f0\" data-element_type=\"widget\" data-e-type=\"widget\" data-widget_type=\"heading.default\">\n\t\t\t\t\t<h2 class=\"elementor-heading-title elementor-size-default\">Formenbau<\/h2>\t\t\t\t<\/div>\n\t\t\t\t\t<\/div>\n\t\t\t\t<\/div>\n\t\t<div class=\"elementor-element elementor-element-40fb181 e-flex e-con-boxed e-con e-parent\" data-id=\"40fb181\" data-element_type=\"container\" data-e-type=\"container\">\n\t\t\t\t\t<div class=\"e-con-inner\">\n\t\t<div class=\"elementor-element elementor-element-b309202 e-con-full e-flex e-con e-child\" data-id=\"b309202\" data-element_type=\"container\" data-e-type=\"container\">\n\t\t\t\t<div class=\"elementor-element elementor-element-791a997 elementor-widget elementor-widget-text-editor\" data-id=\"791a997\" data-element_type=\"widget\" data-e-type=\"widget\" data-widget_type=\"text-editor.default\">\n\t\t\t\t\t\t\t\t\t<p>Das Know-how in der Entwicklung und Herstellung der Spritzgie\u00dfwerkzeuge entscheidet massgeblich \u00fcber die erzielbare Pr\u00e4zision eines Bauteils und stellt daher eine unserer Kernkompetenzen\u00a0<span style=\"font-family: inherit; font-size: inherit; font-style: inherit; font-variant-caps: inherit; text-align: var(--text-align); letter-spacing: var(--theme-letter-spacing); text-transform: var(--theme-text-transform); text-decoration: var(--theme-text-decoration);\">dar. Traditionelle Erfahrungswerte bewahren und technologische Weiterentwicklungen voranzutreiben, ist unser Weg zum perfekten Werkzeug. Durch unsere hochmoderne integrierte\u00a0<\/span><span style=\"font-family: inherit; font-size: inherit; font-style: inherit; font-variant-caps: inherit; text-align: var(--text-align); letter-spacing: var(--theme-letter-spacing); text-transform: var(--theme-text-transform); text-decoration: var(--theme-text-decoration);\">Fertigungslinie mit Fr\u00e4s-, Senkerodier, Teilreinigung- und Vermessungsanlage, ist eine Werkzeugfertigung auf h\u00f6chstem Genauigkeitsniveau m\u00f6glich.<\/span><\/p><div><strong>Unsere Formenbautechnologien:<\/strong><\/div><ul><li>Drahterodieren<\/li><li>Hochgeschwindigkeitsfr\u00e4sen (3- Achsen &amp; 5-Achsen)<\/li><li>Fl\u00e4chen- und Rundschleifen<\/li><li>Erodieren<\/li><li>Laserschweissen<\/li><li>Ultraschallreinigung<\/li><\/ul>\t\t\t\t\t\t\t\t<\/div>\n\t\t\t\t<\/div>\n\t\t<div class=\"elementor-element elementor-element-8143c1b e-con-full e-flex e-con e-child\" data-id=\"8143c1b\" data-element_type=\"container\" data-e-type=\"container\">\n\t\t\t\t<div class=\"elementor-element elementor-element-870a319 elementor-widget elementor-widget-image\" data-id=\"870a319\" data-element_type=\"widget\" data-e-type=\"widget\" data-widget_type=\"image.default\">\n\t\t\t\t\t\t\t\t\t\t\t\t\t\t\t<img fetchpriority=\"high\" decoding=\"async\" width=\"1024\" height=\"683\" src=\"https:\/\/www.sfsgroupaustria.at\/wp-content\/uploads\/2026\/01\/Formenbau_020-1024x683.jpg\" class=\"attachment-large size-large wp-image-1123\" alt=\"\" srcset=\"https:\/\/www.sfsgroupaustria.at\/wp-content\/uploads\/2026\/01\/Formenbau_020-1024x683.jpg 1024w, https:\/\/www.sfsgroupaustria.at\/wp-content\/uploads\/2026\/01\/Formenbau_020-300x200.jpg 300w, https:\/\/www.sfsgroupaustria.at\/wp-content\/uploads\/2026\/01\/Formenbau_020-768x512.jpg 768w, https:\/\/www.sfsgroupaustria.at\/wp-content\/uploads\/2026\/01\/Formenbau_020-1536x1024.jpg 1536w, https:\/\/www.sfsgroupaustria.at\/wp-content\/uploads\/2026\/01\/Formenbau_020-2048x1365.jpg 2048w\" sizes=\"(max-width: 1024px) 100vw, 1024px\" \/>\t\t\t\t\t\t\t\t\t\t\t\t\t\t\t<\/div>\n\t\t\t\t<\/div>\n\t\t\t\t\t<\/div>\n\t\t\t\t<\/div>\n\t\t<div class=\"elementor-element elementor-element-02bcff7 e-flex e-con-boxed e-con e-parent\" data-id=\"02bcff7\" data-element_type=\"container\" data-e-type=\"container\">\n\t\t\t\t\t<div class=\"e-con-inner\">\n\t\t<div class=\"elementor-element elementor-element-f89fd11 e-con-full e-flex e-con e-child\" data-id=\"f89fd11\" data-element_type=\"container\" data-e-type=\"container\">\n\t\t\t\t<div class=\"elementor-element elementor-element-34c32b6 elementor-widget elementor-widget-image\" data-id=\"34c32b6\" data-element_type=\"widget\" data-e-type=\"widget\" data-widget_type=\"image.default\">\n\t\t\t\t\t\t\t\t\t\t\t\t\t\t\t<img decoding=\"async\" width=\"1024\" height=\"683\" src=\"https:\/\/www.sfsgroupaustria.at\/wp-content\/uploads\/2026\/01\/Formenbau_002-1024x683.jpg\" class=\"attachment-large size-large wp-image-1133\" alt=\"\" srcset=\"https:\/\/www.sfsgroupaustria.at\/wp-content\/uploads\/2026\/01\/Formenbau_002-1024x683.jpg 1024w, https:\/\/www.sfsgroupaustria.at\/wp-content\/uploads\/2026\/01\/Formenbau_002-300x200.jpg 300w, https:\/\/www.sfsgroupaustria.at\/wp-content\/uploads\/2026\/01\/Formenbau_002-768x512.jpg 768w, https:\/\/www.sfsgroupaustria.at\/wp-content\/uploads\/2026\/01\/Formenbau_002-1536x1024.jpg 1536w, https:\/\/www.sfsgroupaustria.at\/wp-content\/uploads\/2026\/01\/Formenbau_002-2048x1365.jpg 2048w\" sizes=\"(max-width: 1024px) 100vw, 1024px\" \/>\t\t\t\t\t\t\t\t\t\t\t\t\t\t\t<\/div>\n\t\t\t\t<\/div>\n\t\t<div class=\"elementor-element elementor-element-ca385cd e-con-full e-flex e-con e-child\" data-id=\"ca385cd\" data-element_type=\"container\" data-e-type=\"container\">\n\t\t\t\t<div class=\"elementor-element elementor-element-603715c elementor-widget elementor-widget-image\" data-id=\"603715c\" data-element_type=\"widget\" data-e-type=\"widget\" data-widget_type=\"image.default\">\n\t\t\t\t\t\t\t\t\t\t\t\t\t\t\t<img decoding=\"async\" width=\"1024\" height=\"683\" src=\"https:\/\/www.sfsgroupaustria.at\/wp-content\/uploads\/2026\/02\/Formenbau_014-1024x683.jpg\" class=\"attachment-large size-large wp-image-1479\" alt=\"\" srcset=\"https:\/\/www.sfsgroupaustria.at\/wp-content\/uploads\/2026\/02\/Formenbau_014-1024x683.jpg 1024w, https:\/\/www.sfsgroupaustria.at\/wp-content\/uploads\/2026\/02\/Formenbau_014-300x200.jpg 300w, https:\/\/www.sfsgroupaustria.at\/wp-content\/uploads\/2026\/02\/Formenbau_014-768x512.jpg 768w, https:\/\/www.sfsgroupaustria.at\/wp-content\/uploads\/2026\/02\/Formenbau_014-1536x1024.jpg 1536w, https:\/\/www.sfsgroupaustria.at\/wp-content\/uploads\/2026\/02\/Formenbau_014-2048x1365.jpg 2048w\" sizes=\"(max-width: 1024px) 100vw, 1024px\" \/>\t\t\t\t\t\t\t\t\t\t\t\t\t\t\t<\/div>\n\t\t\t\t<\/div>\n\t\t<div class=\"elementor-element elementor-element-296c6c5 e-con-full e-flex e-con e-child\" data-id=\"296c6c5\" data-element_type=\"container\" data-e-type=\"container\">\n\t\t\t\t<div class=\"elementor-element elementor-element-2396154 elementor-widget elementor-widget-image\" data-id=\"2396154\" data-element_type=\"widget\" data-e-type=\"widget\" data-widget_type=\"image.default\">\n\t\t\t\t\t\t\t\t\t\t\t\t\t\t\t<img loading=\"lazy\" decoding=\"async\" width=\"1024\" height=\"683\" src=\"https:\/\/www.sfsgroupaustria.at\/wp-content\/uploads\/2026\/01\/Formenbau_025-1024x683.jpg\" class=\"attachment-large size-large wp-image-1128\" alt=\"\" srcset=\"https:\/\/www.sfsgroupaustria.at\/wp-content\/uploads\/2026\/01\/Formenbau_025-1024x683.jpg 1024w, https:\/\/www.sfsgroupaustria.at\/wp-content\/uploads\/2026\/01\/Formenbau_025-300x200.jpg 300w, https:\/\/www.sfsgroupaustria.at\/wp-content\/uploads\/2026\/01\/Formenbau_025-768x512.jpg 768w, https:\/\/www.sfsgroupaustria.at\/wp-content\/uploads\/2026\/01\/Formenbau_025-1536x1024.jpg 1536w, https:\/\/www.sfsgroupaustria.at\/wp-content\/uploads\/2026\/01\/Formenbau_025-2048x1365.jpg 2048w\" sizes=\"(max-width: 1024px) 100vw, 1024px\" \/>\t\t\t\t\t\t\t\t\t\t\t\t\t\t\t<\/div>\n\t\t\t\t<\/div>\n\t\t<div class=\"elementor-element elementor-element-0bb34de e-con-full e-flex e-con e-child\" data-id=\"0bb34de\" data-element_type=\"container\" data-e-type=\"container\">\n\t\t\t\t<div class=\"elementor-element elementor-element-9f7e1d5 elementor-widget elementor-widget-image\" data-id=\"9f7e1d5\" data-element_type=\"widget\" data-e-type=\"widget\" data-widget_type=\"image.default\">\n\t\t\t\t\t\t\t\t\t\t\t\t\t\t\t<img loading=\"lazy\" decoding=\"async\" width=\"709\" height=\"473\" src=\"https:\/\/www.sfsgroupaustria.at\/wp-content\/uploads\/2026\/03\/Formenbau_015@025x.png\" class=\"attachment-large size-large wp-image-1764\" alt=\"\" srcset=\"https:\/\/www.sfsgroupaustria.at\/wp-content\/uploads\/2026\/03\/Formenbau_015@025x.png 709w, https:\/\/www.sfsgroupaustria.at\/wp-content\/uploads\/2026\/03\/Formenbau_015@025x-300x200.png 300w\" sizes=\"(max-width: 709px) 100vw, 709px\" \/>\t\t\t\t\t\t\t\t\t\t\t\t\t\t\t<\/div>\n\t\t\t\t<\/div>\n\t\t<div class=\"elementor-element elementor-element-e42f193 e-con-full e-flex e-con e-child\" data-id=\"e42f193\" data-element_type=\"container\" data-e-type=\"container\">\n\t\t\t\t<div class=\"elementor-element elementor-element-d331f47 elementor-widget elementor-widget-image\" data-id=\"d331f47\" data-element_type=\"widget\" data-e-type=\"widget\" data-widget_type=\"image.default\">\n\t\t\t\t\t\t\t\t\t\t\t\t\t\t\t<img loading=\"lazy\" decoding=\"async\" width=\"768\" height=\"512\" src=\"https:\/\/www.sfsgroupaustria.at\/wp-content\/uploads\/2026\/03\/Formenbau_029-768x512.png\" class=\"attachment-medium_large size-medium_large wp-image-1771\" alt=\"\" srcset=\"https:\/\/www.sfsgroupaustria.at\/wp-content\/uploads\/2026\/03\/Formenbau_029-768x512.png 768w, https:\/\/www.sfsgroupaustria.at\/wp-content\/uploads\/2026\/03\/Formenbau_029-300x200.png 300w, https:\/\/www.sfsgroupaustria.at\/wp-content\/uploads\/2026\/03\/Formenbau_029-1024x683.png 1024w, https:\/\/www.sfsgroupaustria.at\/wp-content\/uploads\/2026\/03\/Formenbau_029-1536x1024.png 1536w, https:\/\/www.sfsgroupaustria.at\/wp-content\/uploads\/2026\/03\/Formenbau_029-2048x1366.png 2048w\" sizes=\"(max-width: 768px) 100vw, 768px\" \/>\t\t\t\t\t\t\t\t\t\t\t\t\t\t\t<\/div>\n\t\t\t\t<\/div>\n\t\t<div class=\"elementor-element elementor-element-9611673 e-con-full e-flex e-con e-child\" data-id=\"9611673\" data-element_type=\"container\" data-e-type=\"container\">\n\t\t\t\t<div class=\"elementor-element elementor-element-88d8fb6 elementor-widget elementor-widget-image\" data-id=\"88d8fb6\" data-element_type=\"widget\" data-e-type=\"widget\" data-widget_type=\"image.default\">\n\t\t\t\t\t\t\t\t\t\t\t\t\t\t\t<img loading=\"lazy\" decoding=\"async\" width=\"1024\" height=\"683\" src=\"https:\/\/www.sfsgroupaustria.at\/wp-content\/uploads\/2026\/01\/Formenbau_0013-1024x683.jpg\" class=\"attachment-large size-large wp-image-1127\" alt=\"\" srcset=\"https:\/\/www.sfsgroupaustria.at\/wp-content\/uploads\/2026\/01\/Formenbau_0013-1024x683.jpg 1024w, https:\/\/www.sfsgroupaustria.at\/wp-content\/uploads\/2026\/01\/Formenbau_0013-300x200.jpg 300w, https:\/\/www.sfsgroupaustria.at\/wp-content\/uploads\/2026\/01\/Formenbau_0013-768x512.jpg 768w, https:\/\/www.sfsgroupaustria.at\/wp-content\/uploads\/2026\/01\/Formenbau_0013-1536x1024.jpg 1536w, https:\/\/www.sfsgroupaustria.at\/wp-content\/uploads\/2026\/01\/Formenbau_0013-2048x1365.jpg 2048w\" sizes=\"(max-width: 1024px) 100vw, 1024px\" \/>\t\t\t\t\t\t\t\t\t\t\t\t\t\t\t<\/div>\n\t\t\t\t<\/div>\n\t\t\t\t\t<\/div>\n\t\t\t\t<\/div>\n\t\t\t\t<\/div>\n\t\t","protected":false},"excerpt":{"rendered":"<p>Formenbau Das Know-how in der Entwicklung und Herstellung der Spritzgie\u00dfwerkzeuge entscheidet massgeblich \u00fcber die erzielbare Pr\u00e4zision eines Bauteils und stellt daher eine unserer Kernkompetenzen\u00a0dar. Traditionelle Erfahrungswerte bewahren und technologische Weiterentwicklungen voranzutreiben, ist unser Weg zum perfekten Werkzeug. Durch unsere hochmoderne integrierte\u00a0Fertigungslinie mit Fr\u00e4s-, Senkerodier, Teilreinigung- und Vermessungsanlage, ist eine Werkzeugfertigung auf h\u00f6chstem Genauigkeitsniveau m\u00f6glich. Unsere [&hellip;]<\/p>\n","protected":false},"author":2,"featured_media":0,"parent":0,"menu_order":0,"comment_status":"closed","ping_status":"closed","template":"","meta":{"footnotes":""},"class_list":["post-1338","page","type-page","status-publish","hentry"],"blocksy_meta":[],"_links":{"self":[{"href":"https:\/\/www.sfsgroupaustria.at\/index.php\/wp-json\/wp\/v2\/pages\/1338","targetHints":{"allow":["GET"]}}],"collection":[{"href":"https:\/\/www.sfsgroupaustria.at\/index.php\/wp-json\/wp\/v2\/pages"}],"about":[{"href":"https:\/\/www.sfsgroupaustria.at\/index.php\/wp-json\/wp\/v2\/types\/page"}],"author":[{"embeddable":true,"href":"https:\/\/www.sfsgroupaustria.at\/index.php\/wp-json\/wp\/v2\/users\/2"}],"replies":[{"embeddable":true,"href":"https:\/\/www.sfsgroupaustria.at\/index.php\/wp-json\/wp\/v2\/comments?post=1338"}],"version-history":[{"count":31,"href":"https:\/\/www.sfsgroupaustria.at\/index.php\/wp-json\/wp\/v2\/pages\/1338\/revisions"}],"predecessor-version":[{"id":2008,"href":"https:\/\/www.sfsgroupaustria.at\/index.php\/wp-json\/wp\/v2\/pages\/1338\/revisions\/2008"}],"wp:attachment":[{"href":"https:\/\/www.sfsgroupaustria.at\/index.php\/wp-json\/wp\/v2\/media?parent=1338"}],"curies":[{"name":"wp","href":"https:\/\/api.w.org\/{rel}","templated":true}]}}