{"id":1333,"date":"2026-02-24T14:45:17","date_gmt":"2026-02-24T13:45:17","guid":{"rendered":"https:\/\/www.sfsgroupaustria.at\/?page_id=1333"},"modified":"2026-03-10T15:43:30","modified_gmt":"2026-03-10T14:43:30","slug":"entwicklung-und-konstruktion","status":"publish","type":"page","link":"https:\/\/www.sfsgroupaustria.at\/index.php\/entwicklung-und-konstruktion\/","title":{"rendered":"Entwicklung und Konstruktion"},"content":{"rendered":"\t\t<div data-elementor-type=\"wp-page\" data-elementor-id=\"1333\" class=\"elementor elementor-1333\">\n\t\t\t\t\t\t<section class=\"elementor-section elementor-top-section elementor-element elementor-element-6a776102 ct-section-stretched elementor-section-boxed elementor-section-height-default elementor-section-height-default\" data-id=\"6a776102\" data-element_type=\"section\" data-e-type=\"section\" data-settings=\"{&quot;background_background&quot;:&quot;classic&quot;}\">\n\t\t\t\t\t\t\t<div class=\"elementor-background-overlay\"><\/div>\n\t\t\t\t\t\t\t<div class=\"elementor-container elementor-column-gap-default\">\n\t\t\t\t\t<div class=\"elementor-column elementor-col-100 elementor-top-column elementor-element elementor-element-3fadadfa\" data-id=\"3fadadfa\" data-element_type=\"column\" data-e-type=\"column\">\n\t\t\t<div class=\"elementor-widget-wrap\">\n\t\t\t\t\t\t\t<\/div>\n\t\t<\/div>\n\t\t\t\t\t<\/div>\n\t\t<\/section>\n\t\t<div class=\"elementor-element elementor-element-71ab3d79 e-flex e-con-boxed e-con e-parent\" data-id=\"71ab3d79\" data-element_type=\"container\" data-e-type=\"container\">\n\t\t\t\t\t<div class=\"e-con-inner\">\n\t\t\t\t<div class=\"elementor-element elementor-element-31c9e377 elementor-widget elementor-widget-heading\" data-id=\"31c9e377\" data-element_type=\"widget\" data-e-type=\"widget\" data-widget_type=\"heading.default\">\n\t\t\t\t\t<h2 class=\"elementor-heading-title elementor-size-default\">Entwicklung und Konstruktion<\/h2>\t\t\t\t<\/div>\n\t\t\t\t\t<\/div>\n\t\t\t\t<\/div>\n\t\t<div class=\"elementor-element elementor-element-bae4d23 e-flex e-con-boxed e-con e-parent\" data-id=\"bae4d23\" data-element_type=\"container\" data-e-type=\"container\">\n\t\t\t\t\t<div class=\"e-con-inner\">\n\t\t<div class=\"elementor-element elementor-element-4e16622 e-con-full e-flex e-con e-child\" data-id=\"4e16622\" data-element_type=\"container\" data-e-type=\"container\">\n\t\t\t\t<div class=\"elementor-element elementor-element-ab54166 elementor-widget elementor-widget-image\" data-id=\"ab54166\" data-element_type=\"widget\" data-e-type=\"widget\" data-widget_type=\"image.default\">\n\t\t\t\t\t\t\t\t\t\t\t\t\t\t\t<img fetchpriority=\"high\" decoding=\"async\" width=\"605\" height=\"300\" src=\"https:\/\/www.sfsgroupaustria.at\/wp-content\/uploads\/2026\/01\/sfs_group_technologies_injection_moulding_cad_inlinegallery6desktop.jpg\" class=\"attachment-large size-large wp-image-863\" alt=\"\" srcset=\"https:\/\/www.sfsgroupaustria.at\/wp-content\/uploads\/2026\/01\/sfs_group_technologies_injection_moulding_cad_inlinegallery6desktop.jpg 605w, https:\/\/www.sfsgroupaustria.at\/wp-content\/uploads\/2026\/01\/sfs_group_technologies_injection_moulding_cad_inlinegallery6desktop-300x149.jpg 300w\" sizes=\"(max-width: 605px) 100vw, 605px\" \/>\t\t\t\t\t\t\t\t\t\t\t\t\t\t\t<\/div>\n\t\t\t\t<\/div>\n\t\t<div class=\"elementor-element elementor-element-39140e7 e-con-full e-flex e-con e-child\" data-id=\"39140e7\" data-element_type=\"container\" data-e-type=\"container\">\n\t\t<div class=\"elementor-element elementor-element-ccf889f e-con-full e-flex e-con e-child\" data-id=\"ccf889f\" data-element_type=\"container\" data-e-type=\"container\">\n\t\t<div class=\"elementor-element elementor-element-0597e2a e-con-full e-flex e-con e-child\" data-id=\"0597e2a\" data-element_type=\"container\" data-e-type=\"container\">\n\t\t\t\t<div class=\"elementor-element elementor-element-33d21c0 elementor-widget elementor-widget-text-editor\" data-id=\"33d21c0\" data-element_type=\"widget\" data-e-type=\"widget\" data-widget_type=\"text-editor.default\">\n\t\t\t\t\t\t\t\t\t<p>Bei der Entwicklung \u00fcberlassen wir kein Detail dem Zufall. Bereits in der Entwicklungsphase versuchen wir die wesentlichen Einflussgr\u00f6\u00dfen zu ber\u00fccksichtigen. Wir bieten ein umfassendes Leistungsangebot und innovative L\u00f6sungen und unterst\u00fctzen unsere Kunden durch partnerschaftliche Zusammenarbeit in ihren Projekten.<\/p><p><strong>Wir unterst\u00fctzen in der:<\/strong><\/p><ul><li>Bauteilauslegung und -optimierung<\/li><li>Materialauswahl<\/li><li>Simulationen (Spritzgie\u00dfen, FEM, F\u00fcllstudienverzug)<\/li><\/ul>\t\t\t\t\t\t\t\t<\/div>\n\t\t\t\t<\/div>\n\t\t\t\t<\/div>\n\t\t\t\t<\/div>\n\t\t\t\t\t<\/div>\n\t\t\t\t<\/div>\n\t\t<div class=\"elementor-element elementor-element-f6d0b70 e-flex e-con-boxed e-con e-parent\" data-id=\"f6d0b70\" data-element_type=\"container\" data-e-type=\"container\">\n\t\t\t\t\t<div class=\"e-con-inner\">\n\t\t\t\t<div class=\"elementor-element elementor-element-173d064 elementor-widget elementor-widget-image\" data-id=\"173d064\" data-element_type=\"widget\" data-e-type=\"widget\" data-widget_type=\"image.default\">\n\t\t\t\t\t\t\t\t\t\t\t\t\t\t\t<img decoding=\"async\" width=\"768\" height=\"444\" src=\"https:\/\/www.sfsgroupaustria.at\/wp-content\/uploads\/2026\/02\/Fuellsimulation-Filter-768x444.jpg\" class=\"attachment-medium_large size-medium_large wp-image-1491\" alt=\"\" srcset=\"https:\/\/www.sfsgroupaustria.at\/wp-content\/uploads\/2026\/02\/Fuellsimulation-Filter-768x444.jpg 768w, https:\/\/www.sfsgroupaustria.at\/wp-content\/uploads\/2026\/02\/Fuellsimulation-Filter-300x173.jpg 300w, https:\/\/www.sfsgroupaustria.at\/wp-content\/uploads\/2026\/02\/Fuellsimulation-Filter.jpg 988w\" sizes=\"(max-width: 768px) 100vw, 768px\" \/>\t\t\t\t\t\t\t\t\t\t\t\t\t\t\t<\/div>\n\t\t\t\t\t<\/div>\n\t\t\t\t<\/div>\n\t\t<div class=\"elementor-element elementor-element-14d39cd e-flex e-con-boxed e-con e-parent\" data-id=\"14d39cd\" data-element_type=\"container\" data-e-type=\"container\">\n\t\t\t\t\t<div class=\"e-con-inner\">\n\t\t\t\t<div class=\"elementor-element elementor-element-ec4869c elementor-widget elementor-widget-image\" data-id=\"ec4869c\" data-element_type=\"widget\" data-e-type=\"widget\" data-widget_type=\"image.default\">\n\t\t\t\t\t\t\t\t\t\t\t\t\t\t\t<img decoding=\"async\" width=\"1024\" height=\"645\" src=\"https:\/\/www.sfsgroupaustria.at\/wp-content\/uploads\/2026\/03\/Bild-Werkzeugkonstruktion-1024x645.jpg\" class=\"attachment-large size-large wp-image-1731\" alt=\"\" srcset=\"https:\/\/www.sfsgroupaustria.at\/wp-content\/uploads\/2026\/03\/Bild-Werkzeugkonstruktion-1024x645.jpg 1024w, https:\/\/www.sfsgroupaustria.at\/wp-content\/uploads\/2026\/03\/Bild-Werkzeugkonstruktion-300x189.jpg 300w, https:\/\/www.sfsgroupaustria.at\/wp-content\/uploads\/2026\/03\/Bild-Werkzeugkonstruktion-768x484.jpg 768w, https:\/\/www.sfsgroupaustria.at\/wp-content\/uploads\/2026\/03\/Bild-Werkzeugkonstruktion.jpg 1117w\" sizes=\"(max-width: 1024px) 100vw, 1024px\" \/>\t\t\t\t\t\t\t\t\t\t\t\t\t\t\t<\/div>\n\t\t\t\t\t<\/div>\n\t\t\t\t<\/div>\n\t\t\t\t<\/div>\n\t\t","protected":false},"excerpt":{"rendered":"<p>Entwicklung und Konstruktion Bei der Entwicklung \u00fcberlassen wir kein Detail dem Zufall. Bereits in der Entwicklungsphase versuchen wir die wesentlichen Einflussgr\u00f6\u00dfen zu ber\u00fccksichtigen. Wir bieten ein umfassendes Leistungsangebot und innovative L\u00f6sungen und unterst\u00fctzen unsere Kunden durch partnerschaftliche Zusammenarbeit in ihren Projekten. Wir unterst\u00fctzen in der: Bauteilauslegung und -optimierung Materialauswahl Simulationen (Spritzgie\u00dfen, FEM, F\u00fcllstudienverzug)<\/p>\n","protected":false},"author":2,"featured_media":0,"parent":0,"menu_order":0,"comment_status":"closed","ping_status":"closed","template":"","meta":{"footnotes":""},"class_list":["post-1333","page","type-page","status-publish","hentry"],"blocksy_meta":[],"_links":{"self":[{"href":"https:\/\/www.sfsgroupaustria.at\/index.php\/wp-json\/wp\/v2\/pages\/1333","targetHints":{"allow":["GET"]}}],"collection":[{"href":"https:\/\/www.sfsgroupaustria.at\/index.php\/wp-json\/wp\/v2\/pages"}],"about":[{"href":"https:\/\/www.sfsgroupaustria.at\/index.php\/wp-json\/wp\/v2\/types\/page"}],"author":[{"embeddable":true,"href":"https:\/\/www.sfsgroupaustria.at\/index.php\/wp-json\/wp\/v2\/users\/2"}],"replies":[{"embeddable":true,"href":"https:\/\/www.sfsgroupaustria.at\/index.php\/wp-json\/wp\/v2\/comments?post=1333"}],"version-history":[{"count":22,"href":"https:\/\/www.sfsgroupaustria.at\/index.php\/wp-json\/wp\/v2\/pages\/1333\/revisions"}],"predecessor-version":[{"id":1936,"href":"https:\/\/www.sfsgroupaustria.at\/index.php\/wp-json\/wp\/v2\/pages\/1333\/revisions\/1936"}],"wp:attachment":[{"href":"https:\/\/www.sfsgroupaustria.at\/index.php\/wp-json\/wp\/v2\/media?parent=1333"}],"curies":[{"name":"wp","href":"https:\/\/api.w.org\/{rel}","templated":true}]}}