{"id":1318,"date":"2026-02-24T14:17:45","date_gmt":"2026-02-24T13:17:45","guid":{"rendered":"https:\/\/www.sfsgroupaustria.at\/?page_id=1318"},"modified":"2026-03-10T16:14:50","modified_gmt":"2026-03-10T15:14:50","slug":"impressum-2","status":"publish","type":"page","link":"https:\/\/www.sfsgroupaustria.at\/index.php\/impressum-2\/","title":{"rendered":"Impressum"},"content":{"rendered":"\t\t<div data-elementor-type=\"wp-page\" data-elementor-id=\"1318\" class=\"elementor elementor-1318\">\n\t\t\t\t<div class=\"elementor-element elementor-element-217c24c e-flex e-con-boxed e-con e-parent\" data-id=\"217c24c\" data-element_type=\"container\" data-e-type=\"container\">\n\t\t\t\t\t<div class=\"e-con-inner\">\n\t\t\t\t<div class=\"elementor-element elementor-element-b8366df elementor-widget elementor-widget-text-editor\" data-id=\"b8366df\" data-element_type=\"widget\" data-e-type=\"widget\" data-widget_type=\"text-editor.default\">\n\t\t\t\t\t\t\t\t\t<h5>Informationspflicht laut \u00a75 E-Commerce Gesetz, \u00a714 Unternehmensgesetzbuch, \u00a763 Gewerbeordnung und Offenlegungspflicht laut \u00a725 Mediengesetz.<\/h5><p><strong>SFS Group Austria GmbH<br \/><\/strong>Fv Kunststoffverarbeiter<br \/>UID-Nr: ATU18362607<br \/>Firmenbuchnummer: 62764a<br \/>FB-Gericht: Landesgericht Korneuburg<br \/>Wiener Stra\u00dfe 29<br \/>2100 Korneuburg<br \/>Tel: +43 (2262) 90500 0<br \/>E-Mail: at.info@sfs.com<br \/>Mitglied der WKN\u00d6<br \/>Berufsrecht: Gewerbeordnung: www.ris.bka.gv.at<br \/>Verleihungsstaat: \u00d6sterreich<br \/>Bezirkshauptmannschaft Korneuburg<br \/>Gesch\u00e4ftsf\u00fchrer: Dipl.-Ing. Stephan Hans B\u00f6hm<\/p>\t\t\t\t\t\t\t\t<\/div>\n\t\t\t\t\t<\/div>\n\t\t\t\t<\/div>\n\t\t\t\t<\/div>\n\t\t","protected":false},"excerpt":{"rendered":"<p>Informationspflicht laut \u00a75 E-Commerce Gesetz, \u00a714 Unternehmensgesetzbuch, \u00a763 Gewerbeordnung und Offenlegungspflicht laut \u00a725 Mediengesetz. SFS Group Austria GmbHFv KunststoffverarbeiterUID-Nr: ATU18362607Firmenbuchnummer: 62764aFB-Gericht: Landesgericht KorneuburgWiener Stra\u00dfe 292100 KorneuburgTel: +43 (2262) 90500 0E-Mail: at.info@sfs.comMitglied der WKN\u00d6Berufsrecht: Gewerbeordnung: www.ris.bka.gv.atVerleihungsstaat: \u00d6sterreichBezirkshauptmannschaft KorneuburgGesch\u00e4ftsf\u00fchrer: Dipl.-Ing. Stephan Hans B\u00f6hm<\/p>\n","protected":false},"author":2,"featured_media":0,"parent":0,"menu_order":0,"comment_status":"closed","ping_status":"closed","template":"","meta":{"footnotes":""},"class_list":["post-1318","page","type-page","status-publish","hentry"],"blocksy_meta":[],"_links":{"self":[{"href":"https:\/\/www.sfsgroupaustria.at\/index.php\/wp-json\/wp\/v2\/pages\/1318","targetHints":{"allow":["GET"]}}],"collection":[{"href":"https:\/\/www.sfsgroupaustria.at\/index.php\/wp-json\/wp\/v2\/pages"}],"about":[{"href":"https:\/\/www.sfsgroupaustria.at\/index.php\/wp-json\/wp\/v2\/types\/page"}],"author":[{"embeddable":true,"href":"https:\/\/www.sfsgroupaustria.at\/index.php\/wp-json\/wp\/v2\/users\/2"}],"replies":[{"embeddable":true,"href":"https:\/\/www.sfsgroupaustria.at\/index.php\/wp-json\/wp\/v2\/comments?post=1318"}],"version-history":[{"count":16,"href":"https:\/\/www.sfsgroupaustria.at\/index.php\/wp-json\/wp\/v2\/pages\/1318\/revisions"}],"predecessor-version":[{"id":1718,"href":"https:\/\/www.sfsgroupaustria.at\/index.php\/wp-json\/wp\/v2\/pages\/1318\/revisions\/1718"}],"wp:attachment":[{"href":"https:\/\/www.sfsgroupaustria.at\/index.php\/wp-json\/wp\/v2\/media?parent=1318"}],"curies":[{"name":"wp","href":"https:\/\/api.w.org\/{rel}","templated":true}]}}