{"id":1270,"date":"2026-02-24T13:32:08","date_gmt":"2026-02-24T12:32:08","guid":{"rendered":"https:\/\/www.sfsgroupaustria.at\/?page_id=1270"},"modified":"2026-03-10T16:12:29","modified_gmt":"2026-03-10T15:12:29","slug":"zahnradtechnologie","status":"publish","type":"page","link":"https:\/\/www.sfsgroupaustria.at\/index.php\/zahnradtechnologie\/","title":{"rendered":"Zahnradtechnologie"},"content":{"rendered":"\t\t<div data-elementor-type=\"wp-page\" data-elementor-id=\"1270\" class=\"elementor elementor-1270\">\n\t\t\t\t\t\t<section class=\"elementor-section elementor-top-section elementor-element elementor-element-7eb3bfe2 ct-section-stretched elementor-section-boxed elementor-section-height-default elementor-section-height-default\" data-id=\"7eb3bfe2\" data-element_type=\"section\" data-e-type=\"section\" data-settings=\"{&quot;background_background&quot;:&quot;classic&quot;}\">\n\t\t\t\t\t\t\t<div class=\"elementor-background-overlay\"><\/div>\n\t\t\t\t\t\t\t<div class=\"elementor-container elementor-column-gap-default\">\n\t\t\t\t\t<div class=\"elementor-column elementor-col-100 elementor-top-column elementor-element elementor-element-52f2422d\" data-id=\"52f2422d\" data-element_type=\"column\" data-e-type=\"column\">\n\t\t\t<div class=\"elementor-widget-wrap\">\n\t\t\t\t\t\t\t<\/div>\n\t\t<\/div>\n\t\t\t\t\t<\/div>\n\t\t<\/section>\n\t\t<div class=\"elementor-element elementor-element-750f0bc3 e-flex e-con-boxed e-con e-parent\" data-id=\"750f0bc3\" data-element_type=\"container\" data-e-type=\"container\">\n\t\t\t\t\t<div class=\"e-con-inner\">\n\t\t\t\t<div class=\"elementor-element elementor-element-4931960d elementor-widget elementor-widget-heading\" data-id=\"4931960d\" data-element_type=\"widget\" data-e-type=\"widget\" data-widget_type=\"heading.default\">\n\t\t\t\t\t<h2 class=\"elementor-heading-title elementor-size-default\">Zahnradtechnologie<\/h2>\t\t\t\t<\/div>\n\t\t\t\t\t<\/div>\n\t\t\t\t<\/div>\n\t\t<div class=\"elementor-element elementor-element-7c9ee4c e-flex e-con-boxed e-con e-parent\" data-id=\"7c9ee4c\" data-element_type=\"container\" data-e-type=\"container\">\n\t\t\t\t\t<div class=\"e-con-inner\">\n\t\t<div class=\"elementor-element elementor-element-504e7da e-con-full e-flex e-con e-child\" data-id=\"504e7da\" data-element_type=\"container\" data-e-type=\"container\">\n\t\t\t\t<div class=\"elementor-element elementor-element-48e8cc08 elementor-widget elementor-widget-text-editor\" data-id=\"48e8cc08\" data-element_type=\"widget\" data-e-type=\"widget\" data-widget_type=\"text-editor.default\">\n\t\t\t\t\t\t\t\t\t<p>Perfekt verzahnt \u2013 Unsere hochtechnische Zahnr\u00e4derproduktion im Kunststoffspritzguss steht f\u00fcr h\u00f6chste Pr\u00e4zision, Prozesssicherheit und Wirtschaftlichkeit. Mit modernsten Spritzgie\u00dftechnologien, exakt ausgelegten Werkzeugen und tiefgreifendem Werkstoff-Know-how fertigen wir komplexe Kunststoffzahnr\u00e4der f\u00fcr anspruchsvolle Anwendungen. Wir gew\u00e4hrleisten enge Toleranzen, optimale Verzahnungsqualit\u00e4t und reproduzierbare Bauteileigenschaften. Durch integrierte Qualit\u00e4tspr\u00fcfungen und kontinuierliche Prozess\u00fcberwachung sichern wir dauerhaft h\u00f6chste Leistungsf\u00e4higkeit und Zuverl\u00e4ssigkeit unserer Produkte.<\/p>\t\t\t\t\t\t\t\t<\/div>\n\t\t\t\t<\/div>\n\t\t<div class=\"elementor-element elementor-element-6c25049 e-con-full e-flex e-con e-child\" data-id=\"6c25049\" data-element_type=\"container\" data-e-type=\"container\">\n\t\t\t\t<div class=\"elementor-element elementor-element-e73332d elementor-widget elementor-widget-image\" data-id=\"e73332d\" data-element_type=\"widget\" data-e-type=\"widget\" data-widget_type=\"image.default\">\n\t\t\t\t\t\t\t\t\t\t\t\t\t\t\t<img fetchpriority=\"high\" decoding=\"async\" width=\"1024\" height=\"683\" src=\"https:\/\/www.sfsgroupaustria.at\/wp-content\/uploads\/2026\/03\/A742887-1024x683.jpg\" class=\"attachment-large size-large wp-image-1880\" alt=\"\" srcset=\"https:\/\/www.sfsgroupaustria.at\/wp-content\/uploads\/2026\/03\/A742887-1024x683.jpg 1024w, https:\/\/www.sfsgroupaustria.at\/wp-content\/uploads\/2026\/03\/A742887-300x200.jpg 300w, https:\/\/www.sfsgroupaustria.at\/wp-content\/uploads\/2026\/03\/A742887-768x512.jpg 768w, https:\/\/www.sfsgroupaustria.at\/wp-content\/uploads\/2026\/03\/A742887-1536x1024.jpg 1536w, https:\/\/www.sfsgroupaustria.at\/wp-content\/uploads\/2026\/03\/A742887-2048x1365.jpg 2048w\" sizes=\"(max-width: 1024px) 100vw, 1024px\" \/>\t\t\t\t\t\t\t\t\t\t\t\t\t\t\t<\/div>\n\t\t\t\t<\/div>\n\t\t\t\t\t<\/div>\n\t\t\t\t<\/div>\n\t\t<div class=\"elementor-element elementor-element-d571a75 e-flex e-con-boxed e-con e-parent\" data-id=\"d571a75\" data-element_type=\"container\" data-e-type=\"container\">\n\t\t\t\t\t<div class=\"e-con-inner\">\n\t\t<div class=\"elementor-element elementor-element-9ce518c e-con-full e-flex e-con e-child\" data-id=\"9ce518c\" data-element_type=\"container\" data-e-type=\"container\">\n\t\t\t\t<div class=\"elementor-element elementor-element-eff9dda elementor-widget elementor-widget-image\" data-id=\"eff9dda\" data-element_type=\"widget\" data-e-type=\"widget\" data-widget_type=\"image.default\">\n\t\t\t\t\t\t\t\t\t\t\t\t\t\t\t<img decoding=\"async\" width=\"1024\" height=\"683\" src=\"https:\/\/www.sfsgroupaustria.at\/wp-content\/uploads\/2026\/03\/A742881-1024x683.jpg\" class=\"attachment-large size-large wp-image-1879\" alt=\"\" srcset=\"https:\/\/www.sfsgroupaustria.at\/wp-content\/uploads\/2026\/03\/A742881-1024x683.jpg 1024w, https:\/\/www.sfsgroupaustria.at\/wp-content\/uploads\/2026\/03\/A742881-300x200.jpg 300w, https:\/\/www.sfsgroupaustria.at\/wp-content\/uploads\/2026\/03\/A742881-768x512.jpg 768w, https:\/\/www.sfsgroupaustria.at\/wp-content\/uploads\/2026\/03\/A742881-1536x1024.jpg 1536w, https:\/\/www.sfsgroupaustria.at\/wp-content\/uploads\/2026\/03\/A742881-2048x1365.jpg 2048w\" sizes=\"(max-width: 1024px) 100vw, 1024px\" \/>\t\t\t\t\t\t\t\t\t\t\t\t\t\t\t<\/div>\n\t\t\t\t<\/div>\n\t\t<div class=\"elementor-element elementor-element-cc1338b e-con-full e-flex e-con e-child\" data-id=\"cc1338b\" data-element_type=\"container\" data-e-type=\"container\">\n\t\t\t\t<div class=\"elementor-element elementor-element-44c3cc4 elementor-widget elementor-widget-image\" data-id=\"44c3cc4\" data-element_type=\"widget\" data-e-type=\"widget\" data-widget_type=\"image.default\">\n\t\t\t\t\t\t\t\t\t\t\t\t\t\t\t<img decoding=\"async\" width=\"1024\" height=\"683\" src=\"https:\/\/www.sfsgroupaustria.at\/wp-content\/uploads\/2026\/03\/A742821-1024x683.jpg\" class=\"attachment-large size-large wp-image-1830\" alt=\"\" srcset=\"https:\/\/www.sfsgroupaustria.at\/wp-content\/uploads\/2026\/03\/A742821-1024x683.jpg 1024w, https:\/\/www.sfsgroupaustria.at\/wp-content\/uploads\/2026\/03\/A742821-300x200.jpg 300w, https:\/\/www.sfsgroupaustria.at\/wp-content\/uploads\/2026\/03\/A742821-768x512.jpg 768w, https:\/\/www.sfsgroupaustria.at\/wp-content\/uploads\/2026\/03\/A742821-1536x1024.jpg 1536w, https:\/\/www.sfsgroupaustria.at\/wp-content\/uploads\/2026\/03\/A742821-2048x1365.jpg 2048w\" sizes=\"(max-width: 1024px) 100vw, 1024px\" \/>\t\t\t\t\t\t\t\t\t\t\t\t\t\t\t<\/div>\n\t\t\t\t<\/div>\n\t\t\t\t\t<\/div>\n\t\t\t\t<\/div>\n\t\t\t\t<\/div>\n\t\t","protected":false},"excerpt":{"rendered":"<p>Zahnradtechnologie Perfekt verzahnt \u2013 Unsere hochtechnische Zahnr\u00e4derproduktion im Kunststoffspritzguss steht f\u00fcr h\u00f6chste Pr\u00e4zision, Prozesssicherheit und Wirtschaftlichkeit. Mit modernsten Spritzgie\u00dftechnologien, exakt ausgelegten Werkzeugen und tiefgreifendem Werkstoff-Know-how fertigen wir komplexe Kunststoffzahnr\u00e4der f\u00fcr anspruchsvolle Anwendungen. Wir gew\u00e4hrleisten enge Toleranzen, optimale Verzahnungsqualit\u00e4t und reproduzierbare Bauteileigenschaften. Durch integrierte Qualit\u00e4tspr\u00fcfungen und kontinuierliche Prozess\u00fcberwachung sichern wir dauerhaft h\u00f6chste Leistungsf\u00e4higkeit und Zuverl\u00e4ssigkeit unserer [&hellip;]<\/p>\n","protected":false},"author":2,"featured_media":0,"parent":0,"menu_order":0,"comment_status":"closed","ping_status":"closed","template":"","meta":{"footnotes":""},"class_list":["post-1270","page","type-page","status-publish","hentry"],"blocksy_meta":[],"_links":{"self":[{"href":"https:\/\/www.sfsgroupaustria.at\/index.php\/wp-json\/wp\/v2\/pages\/1270","targetHints":{"allow":["GET"]}}],"collection":[{"href":"https:\/\/www.sfsgroupaustria.at\/index.php\/wp-json\/wp\/v2\/pages"}],"about":[{"href":"https:\/\/www.sfsgroupaustria.at\/index.php\/wp-json\/wp\/v2\/types\/page"}],"author":[{"embeddable":true,"href":"https:\/\/www.sfsgroupaustria.at\/index.php\/wp-json\/wp\/v2\/users\/2"}],"replies":[{"embeddable":true,"href":"https:\/\/www.sfsgroupaustria.at\/index.php\/wp-json\/wp\/v2\/comments?post=1270"}],"version-history":[{"count":28,"href":"https:\/\/www.sfsgroupaustria.at\/index.php\/wp-json\/wp\/v2\/pages\/1270\/revisions"}],"predecessor-version":[{"id":1933,"href":"https:\/\/www.sfsgroupaustria.at\/index.php\/wp-json\/wp\/v2\/pages\/1270\/revisions\/1933"}],"wp:attachment":[{"href":"https:\/\/www.sfsgroupaustria.at\/index.php\/wp-json\/wp\/v2\/media?parent=1270"}],"curies":[{"name":"wp","href":"https:\/\/api.w.org\/{rel}","templated":true}]}}