{"id":1201,"date":"2026-02-23T21:51:44","date_gmt":"2026-02-23T20:51:44","guid":{"rendered":"https:\/\/www.sfsgroupaustria.at\/?page_id=1201"},"modified":"2026-03-10T16:14:07","modified_gmt":"2026-03-10T15:14:07","slug":"datenschutz","status":"publish","type":"page","link":"https:\/\/www.sfsgroupaustria.at\/index.php\/datenschutz\/","title":{"rendered":"Datenschutz"},"content":{"rendered":"\t\t<div data-elementor-type=\"wp-page\" data-elementor-id=\"1201\" class=\"elementor elementor-1201\">\n\t\t\t\t<div class=\"elementor-element elementor-element-f8a5fa8 e-flex e-con-boxed e-con e-parent\" data-id=\"f8a5fa8\" data-element_type=\"container\" data-e-type=\"container\">\n\t\t\t\t\t<div class=\"e-con-inner\">\n\t\t\t\t<div class=\"elementor-element elementor-element-a76b0ba elementor-widget elementor-widget-text-editor\" data-id=\"a76b0ba\" data-element_type=\"widget\" data-e-type=\"widget\" data-widget_type=\"text-editor.default\">\n\t\t\t\t\t\t\t\t\t<p>Ihre Daten sind bei uns sicher aufgehoben. Es ist selbstverst\u00e4ndlich, dass wir mit Ihren personenbezogenen Daten verantwortungsvoll umgehen und dabei alle einschl\u00e4gigen Bestimmungen des anwendbaren Datenschutzrechts ber\u00fccksichtigen.<\/p><p><b>Umgang mit personenbezogenen Daten<\/b><\/p><p>Wir erheben, nutzen und geben Ihre personenbezogenen Daten nur dann an Dritte weiter, wenn dies im gesetzlichen Rahmen erlaubt ist oder Sie in die Datenerhebung einwilligen.<\/p><p>Als personenbezogene Daten gelten s\u00e4mtliche Informationen, welche dazu dienen, Ihre Person zu bestimmen und welche zu Ihnen zur\u00fcckverfolgt werden k\u00f6nnen \u2013 also beispielsweise Ihr Name, Ihre E-Mail-Adresse und Telefonnummer.<\/p><p>Wir verarbeiten und speichern personenbezogene Daten nur f\u00fcr den Zeitraum, der zur Erreichung des Speicherungszwecks erforderlich ist oder sofern dies durch den Europ\u00e4ischen Richtlinien- und Verordnungsgeber oder einen anderen Gesetzgeber in Gesetzen oder Vorschriften, welchen der f\u00fcr die Verarbeitung Verantwortliche unterliegt, vorgesehen wurde.<\/p><p>Entf\u00e4llt der Speicherungszweck oder l\u00e4uft eine vom Europ\u00e4ischen Richtlinien- und Verordnungsgeber oder einem anderen zust\u00e4ndigen Gesetzgeber vorgeschriebene Speicherfrist ab, werden die personenbezogenen Daten routinem\u00e4ssig und entsprechend den gesetzlichen Vorschriften gesperrt oder gel\u00f6scht.<\/p><p>Wir k\u00f6nnen Ihre Daten an andere Gesellschaften unserer Gruppe zur Erbringung bestimmter Dienstleistungen weitergeben. Gruppengesellschaften k\u00f6nnen sich in L\u00e4ndern befinden, in denen der Datenschutz m\u00f6glicherweise nicht gleichwertig ist. Wir gew\u00e4hrleisten angemessenen Datenschutz durch vertragliche Vereinbarungen mit den Gruppengesellschaften. Sie stimmen solchen Daten\u00fcbermittlungen ausdr\u00fccklich zu.<\/p><p><b>Erfassung von allgemeinen Daten und Informationen<\/b><\/p><p>Unsere Internetseiten erfassen bei jedem Aufruf eine Reihe von allgemeinen Daten und Informationen. Diese allgemeinen Daten und Informationen werden in den Logfiles des Servers gespeichert. Erfasst werden k\u00f6nnen die (1) verwendeten Browsertypen und Versionen, (2) das vom zugreifenden System verwendete Betriebssystem, (3) die Internetseite, von welcher ein zugreifendes System auf unsere Internetseite gelangt (sogenannte &#8220;Referrer&#8221;), (4) die Unterwebseiten, welche \u00fcber ein zugreifendes System auf unserer Internetseite angesteuert werden, (5) das Datum und die Uhrzeit eines Zugriffs auf die Internetseite, (6) eine Internet-Protokoll-Adresse (IP-Adresse), (7) der Internet-Service-Provider des zugreifenden Systems und (8) sonstige \u00e4hnliche Daten und Informationen, die der Gefahrenabwehr im Falle von Angriffen auf unsere informationstechnologischen Systeme dienen.<\/p><p>Bei der Nutzung dieser allgemeinen Daten und Informationen ziehen wir keine R\u00fcckschl\u00fcsse auf Nutzer. Diese Informationen werden vielmehr ben\u00f6tigt, um (1) die Inhalte unserer Internetseite korrekt auszuliefern, (2) die Inhalte unserer Internetseite sowie die Werbung f\u00fcr diese zu optimieren, (3) die dauerhafte Funktionsf\u00e4higkeit unserer informationstechnologischen Systeme und der Technik unserer Internetseite zu gew\u00e4hrleisten sowie (4) um Strafverfolgungsbeh\u00f6rden im Falle eines Cyberangriffes die zur Strafverfolgung notwendigen Informationen bereitzustellen. Diese anonym erhobenen Daten und Informationen werten wir daher einerseits statistisch und ferner mit dem Ziel aus, den Datenschutz und die Datensicherheit in unserem Unternehmen zu erh\u00f6hen, um letztlich ein optimales Schutzniveau f\u00fcr die von uns verarbeiteten personenbezogenen Daten sicherzustellen.<\/p><p><b>Google Analytics <\/b><\/p><p>Unser Website benutzt Google Analytics, einen Webanalysedienst der Google Inc. (\u201eGoogle\u201c).<\/p><p>Google Analytics verwendet sog. \u201eCookies\u201c, Textdateien, die auf Ihrem Computer gespeichert werden und die eine Analyse der Benutzung der Website durch Sie erm\u00f6glichen. Die durch den Cookie erzeugten Informationen \u00fcber Ihre Benutzung dieser Website werden in der Regel an einen Server von Google in den USA \u00fcbertragen und dort gespeichert. Im Falle der Aktivierung der IP-Anonymisierung auf dieser Webseite, wird Ihre IP-Adresse von Google jedoch innerhalb von Mitgliedstaaten der Europ\u00e4ischen Union oder in anderen Vertragsstaaten des Abkommens \u00fcber den Europ\u00e4ischen Wirtschaftsraum zuvor gek\u00fcrzt. Nur in Ausnahmef\u00e4llen wird die volle IP-Adresse an einen Server von Google in den USA \u00fcbertragen und dort gek\u00fcrzt. Im Auftrag des Betreibers dieser Website wird Google diese Informationen benutzen, um Ihre Nutzung der Website auszuwerten, um Reports \u00fcber die Websiteaktivit\u00e4ten zusammenzustellen und um weitere mit der Websitenutzung und der Internetnutzung verbundene Dienstleistungen gegen\u00fcber dem Websitebetreiber zu erbringen.<\/p><p>Die im Rahmen von Google Analytics von Ihrem Browser \u00fcbermittelte IP-Adresse wird nicht mit anderen Daten von Google zusammengef\u00fchrt. Sie k\u00f6nnen die Speicherung der Cookies durch eine entsprechende Einstellung Ihrer Browser-Software verhindern; wir weisen Sie jedoch darauf hin, dass Sie in diesem Fall gegebenenfalls nicht s\u00e4mtliche Funktionen dieser Website vollumf\u00e4nglich werden nutzen k\u00f6nnen.<\/p><p>Sie k\u00f6nnen dar\u00fcber hinaus die Erfassung der durch das Cookie erzeugten und auf Ihre Nutzung der Website bezogenen Daten (inkl. Ihrer IP-Adresse) an Google sowie die Verarbeitung dieser Daten durch Google verhindern. Google bietet dazu entsprechende Browser Plugins an.<\/p><p>Kontaktadresse: Google Dublin, Google Ireland Ltd, Gordon House, Barrow Street, Dublin 4, Ireland, Fax: +353 (1) 436 1001.<\/p><p>Sie k\u00f6nnen N\u00e4heres zur Datenverarbeitung erfahren durch Abruf der Nutzungsbedingungen und Datenschutzerkl\u00e4rungen des Drittanbieters: <br \/>http:\/\/www.google.com\/analytics\/terms\/de.html<br \/>http:\/\/www.google.com\/intl\/de\/analytics\/learn\/privacy.html und<br \/>http:\/\/www.google.de\/intl\/de\/policies\/privacy .<\/p><p><b>Datensicherheit \/ Sichere Daten\u00fcbertragung<\/b><\/p><p>Wir sichern unsere IT-Systeme mittels technischer und organisatorischer Massnahmen gegen ungewollte\/n Zutritt, Zugang, Weitergabe, Eingabe, Verlust und Verbreitung sowie Zerst\u00f6rung und Ver\u00e4nderung durch Unbefugte.<\/p><p>Die Daten\u00fcbertragung personenbezogener Daten auf unseren Webpr\u00e4senzen werden gem\u00e4ss aktueller technischer Standards gesichert.<\/p><p><b>Newsletter-Abonnement<\/b><\/p><p>Den Nutzern unserer Internetseite steht es frei sich f\u00fcr einen Newsletter anzumelden. Wenn Sie sich f\u00fcr eine Newsletter anmelden, erfordert dies die Eintragung einer g\u00fcltigen E-Mail-Adresse. Es erfolgt keine Weitergabe der im Rahmen des Newsletter-Dienstes erhobenen personenbezogenen Daten an Dritte. \u00dcber den am Ende jedes Newsletters angef\u00fchrten Link k\u00f6nnen Sie sich jederzeit vom Newsletter abmelden.<\/p><p><b>Bewerbungen<\/b><\/p><p>Vor der \u00dcbermittlung Ihrer Online-Bewerbung bitten wir Sie um Ihre Erlaubnis zur Verwendung der von Ihnen gelieferten Daten f\u00fcr die Pr\u00fcfung Ihrer Qualifikation f\u00fcr die Stellenbesetzung. W\u00e4hrend des Bewerbungsverfahrens werden neben Anrede, Vorname und Name die \u00fcblichen Korrespondenzdaten wie Postanschrift, E-Mailadresse und Telefonnummer in der Bewerberdatenbank gespeichert. Zudem werden Bewerbungsunterlagen wie Motivationsschreiben, Lebenslauf, Berufs-, Aus- und Weiterbildungsabschl\u00fcsse sowie Arbeitszeugnisse erfasst.<\/p><p>Indem Sie sich auf elektronischem Weg f\u00fcr eine Stelle bewerben, erteilen Sie Ihre Zustimmung dazu, dass Ihre angegebenen Daten innerhalb der SFS Gruppe zum Zweck der Stellensuche und -besetzung gespeichert, weitergegeben und verarbeitet werden. Insofern willigen Sie darin ein, dass Ihre Daten auch in L\u00e4nder, in denen kein angemessenes Datenschutzniveau besteht, \u00fcbermittelt werden k\u00f6nnten.<\/p><p>Bitte beachten Sie, dass die Bewerbungsunterlagen auch besondere Kategorien personenbezogener Daten nach Art. 9 der EU-Datenschutz-Grundverordnung enthalten k\u00f6nnen. Diese sind zum Beispiel Daten zu politischen Meinungen, religi\u00f6sen \u00dcberzeugungen, k\u00f6rperlicher oder geistiger Gesundheit oder ein Foto das die ethnische Herkunft zeigt. \u00dcbermitteln Sie solche Angaben in den Bewerbungsunterlagen, erkl\u00e4ren Sie sich ausdr\u00fccklich damit einverstanden, dass wir diese Informationen verarbeiten, \u00fcbermitteln und speichern.<\/p><p>Nach Besetzung der ausgeschriebenen Stelle oder sofern kein Anstellungsvertrag zustande kommt, l\u00f6schen wir Ihre Daten aus unserem Systemen, es sei denn, Sie m\u00f6chten dass Ihre Bewerbungsunterlagen f\u00fcr die Besetzung weiterer Stellen verwendet werden. In diesem Fall willigen Sie ein, dass Ihre Daten verarbeitet werden, um Sie sp\u00e4ter zu kontaktieren und das Bewerbungsverfahren fortzusetzen, falls Sie f\u00fcr eine andere Stelle in Betracht kommen sollten. Nach Ablauf des verl\u00e4ngerten Aufbewahrungszeitraums werden Ihre Bewerbungsdaten auf die Rumpfdaten (Name, Vorname, Adresse, E-Mail, Telefonnummer, Eingangsdatum, Absagedatum) reduziert. Diese Daten werden w\u00e4hrend der gesetzlichen Aufbewahrungsfrist gespeichert.<\/p><p><b>Umgang mit Kontaktdaten<\/b><\/p><p>Nehmen Sie mit uns \u00fcber die angebotenen Kontaktm\u00f6glichkeiten Verbindung auf, werden Ihre Angaben gespeichert, damit auf diese zur Bearbeitung und Beantwortung Ihrer Anfrage zur\u00fcckgegriffen werden kann. Ohne Ihre Einwilligung werden diese Daten nicht an Dritte weitergegeben.<\/p><p><b>Ihre Rechte <\/b><\/p><p>Sie erhalten auf Antrag kostenlose Auskunft dar\u00fcber, ob personenbezogene Daten \u00fcber Sie bearbeitet und, gegebenenfalls, welche personenbezogenen Daten \u00fcber Sie gespeichert wurden.<\/p><p>Sofern Ihr Wunsch nicht mit einer gesetzlichen Pflicht zur Aufbewahrung von Daten (z. B. Vorratsdatenspeicherung) kollidiert, haben Sie ein Recht auf Berichtigung falscher Daten und auf die L\u00f6schung (f\u00fcr die Zukunft) Ihrer personenbezogenen Daten.<\/p><p>Gegen die Bearbeitung ihrer Daten, k\u00f6nnen Sie jederzeit Widerspruch einlegen. Wir verarbeiten Ihre personenbezogenen Daten im Falle des Widerspruchs nicht mehr, es sei denn, wir k\u00f6nnen zwingende schutzw\u00fcrdige Gr\u00fcnde f\u00fcr die Verarbeitung nachweisen, die Ihren Interessen, Rechten und Freiheiten \u00fcberwiegen, oder wenn die Verarbeitung der Daten der Geltendmachung, Aus\u00fcbung oder Verteidigung von Rechtsanspr\u00fcchen dient.<\/p><p>Sie haben das Recht, Ihre Einwilligung in eine Datenbearbeitung jederzeit ohne Angabe von Gr\u00fcnden f\u00fcr die Zukunft zu widerrufen.<\/p><p><b>Kontakte <\/b><\/p><p><b>In Bezug auf Ihre personenbezogenen Daten auf dieser Webseite ist die verantwortliche Stelle:<\/b><\/p><p>SFS Group Austria GmbH<br \/>Wienerstra\u00dfe 29<br \/>AT-2100 Korneuburg<\/p><p><b>SFS Datenschutzbeauftragte: <\/b><br \/>E-Mail: stephan.boehm@sfs.com<\/p><p><b>Haftungsausschluss<\/b><\/p><p>Als Anbieter sind wir f\u00fcr die von uns ver\u00f6ffentlichten Inhalte nach den allgemeinen gesetzlichen Bestimmungen verantwortlich. Die Inhalte unserer Webseiten werden nach bestem Wissen und Gewissen erstellt und aktualisiert. Wir \u00fcbernehmen keine Garantie daf\u00fcr, dass die bereitgestellten Informationen vollst\u00e4ndig, richtig und in jedem Fall aktuell sind. Dies gilt auch f\u00fcr alle Verbindungen (&#8220;Links&#8221;) auf die diese Webseite direkt oder indirekt verweist. F\u00fcr den Inhalt einer externen Seite, die mit einem solchen Link erreicht wird, sind wir nicht verantwortlich.<\/p><p>Wir behalten uns das Recht vor, ohne vorherige Ank\u00fcndigung, \u00c4nderungen oder Erg\u00e4nzungen der bereitgestellten Informationen vorzunehmen.<\/p><p>\u00a0<\/p><p><strong>Produktfotos und Webseite erstellt von:<br \/><\/strong><a href=\"http:\/\/www.sebastianfuerst.at\" target=\"_blank\" rel=\"noopener\">Sebastian F\u00fcrst<\/a><\/p><p><strong>\u00a0<\/strong><\/p>\t\t\t\t\t\t\t\t<\/div>\n\t\t\t\t\t<\/div>\n\t\t\t\t<\/div>\n\t\t\t\t<\/div>\n\t\t","protected":false},"excerpt":{"rendered":"<p>Ihre Daten sind bei uns sicher aufgehoben. Es ist selbstverst\u00e4ndlich, dass wir mit Ihren personenbezogenen Daten verantwortungsvoll umgehen und dabei alle einschl\u00e4gigen Bestimmungen des anwendbaren Datenschutzrechts ber\u00fccksichtigen. Umgang mit personenbezogenen Daten Wir erheben, nutzen und geben Ihre personenbezogenen Daten nur dann an Dritte weiter, wenn dies im gesetzlichen Rahmen erlaubt ist oder Sie in die [&hellip;]<\/p>\n","protected":false},"author":2,"featured_media":0,"parent":0,"menu_order":0,"comment_status":"closed","ping_status":"closed","template":"","meta":{"footnotes":""},"class_list":["post-1201","page","type-page","status-publish","hentry"],"blocksy_meta":[],"_links":{"self":[{"href":"https:\/\/www.sfsgroupaustria.at\/index.php\/wp-json\/wp\/v2\/pages\/1201","targetHints":{"allow":["GET"]}}],"collection":[{"href":"https:\/\/www.sfsgroupaustria.at\/index.php\/wp-json\/wp\/v2\/pages"}],"about":[{"href":"https:\/\/www.sfsgroupaustria.at\/index.php\/wp-json\/wp\/v2\/types\/page"}],"author":[{"embeddable":true,"href":"https:\/\/www.sfsgroupaustria.at\/index.php\/wp-json\/wp\/v2\/users\/2"}],"replies":[{"embeddable":true,"href":"https:\/\/www.sfsgroupaustria.at\/index.php\/wp-json\/wp\/v2\/comments?post=1201"}],"version-history":[{"count":16,"href":"https:\/\/www.sfsgroupaustria.at\/index.php\/wp-json\/wp\/v2\/pages\/1201\/revisions"}],"predecessor-version":[{"id":1973,"href":"https:\/\/www.sfsgroupaustria.at\/index.php\/wp-json\/wp\/v2\/pages\/1201\/revisions\/1973"}],"wp:attachment":[{"href":"https:\/\/www.sfsgroupaustria.at\/index.php\/wp-json\/wp\/v2\/media?parent=1201"}],"curies":[{"name":"wp","href":"https:\/\/api.w.org\/{rel}","templated":true}]}}